{"id":1133,"date":"2017-11-28T08:54:40","date_gmt":"2017-11-28T08:54:40","guid":{"rendered":"https:\/\/www.ertekchemicals.com\/?page_id=1133"},"modified":"2021-11-12T12:16:04","modified_gmt":"2021-11-12T09:16:04","slug":"urunlerimiz","status":"publish","type":"page","link":"https:\/\/www.ertekchemicals.com\/tr\/urunlerimiz\/","title":{"rendered":"\u00dcr\u00fcnlerimiz"},"content":{"rendered":"<div class=\"fusion-fullwidth fullwidth-box fusion-builder-row-1 hundred-percent-fullwidth non-hundred-percent-height-scrolling fusion-equal-height-columns\" style=\"--awb-background-position:left top;--awb-border-sizes-top:0px;--awb-border-sizes-bottom:0px;--awb-border-sizes-left:0px;--awb-border-sizes-right:0px;--awb-border-radius-top-left:0px;--awb-border-radius-top-right:0px;--awb-border-radius-bottom-right:0px;--awb-border-radius-bottom-left:0px;--awb-padding-top:0px;--awb-padding-right:0px;--awb-padding-bottom:0px;--awb-padding-left:0px;--awb-background-color:#ffffff;--awb-flex-wrap:wrap;\" ><div class=\"fusion-builder-row fusion-row\"><div class=\"fusion-layout-column fusion_builder_column fusion-builder-column-0 fusion_builder_column_1_4 1_4 fusion-one-fourth fusion-column-first fusion-column-inner-bg-wrapper\" style=\"--awb-padding-bottom:18%;--awb-inner-bg-image:url(&#039;https:\/\/www.ertekchemicals.com\/wp-content\/uploads\/2017\/11\/marin_urunleri_bg.jpg&#039;);--awb-inner-bg-size:cover;width:25%;width:calc(25% - ( ( 0px + 0px + 0px ) * 0.25 ) );margin-right: 0px;\"><span class=\"fusion-column-inner-bg hover-type-zoomin\"><a class=\"fusion-column-anchor\" href=\"https:\/\/www.ertekchemicals.com\/tr\/urunlerimiz\/marin-urunleri\/\"><span class=\"fusion-column-inner-bg-image\"><\/span><\/a><\/span><div class=\"fusion-column-wrapper fusion-column-has-shadow fusion-flex-column-wrapper-legacy fusion-column-has-bg-image\" data-bg-url=\"https:\/\/www.ertekchemicals.com\/wp-content\/uploads\/2017\/11\/marin_urunleri_bg.jpg\"><div class=\"fusion-sep-clear\"><\/div><div class=\"fusion-separator fusion-no-small-visibility fusion-full-width-sep\" style=\"margin-left: auto;margin-right: auto;margin-top:170px;margin-bottom:20px;width:100%;\"><\/div><div class=\"fusion-sep-clear\"><\/div><div class=\"fusion-image-element fusion-image-align-center in-legacy-container\" style=\"text-align:center;--awb-caption-title-font-family:var(--h2_typography-font-family);--awb-caption-title-font-weight:var(--h2_typography-font-weight);--awb-caption-title-font-style:var(--h2_typography-font-style);--awb-caption-title-size:var(--h2_typography-font-size);--awb-caption-title-transform:var(--h2_typography-text-transform);--awb-caption-title-line-height:var(--h2_typography-line-height);--awb-caption-title-letter-spacing:var(--h2_typography-letter-spacing);\"><div class=\"imageframe-align-center\"><span class=\" fusion-imageframe imageframe-none imageframe-1 hover-type-none\"><img decoding=\"async\" width=\"100\" height=\"100\" title=\"icon_marine\" src=\"https:\/\/www.ertekchemicals.com\/wp-content\/uploads\/2017\/11\/icon_marine.png\" alt class=\"img-responsive wp-image-1342\" srcset=\"https:\/\/www.ertekchemicals.com\/wp-content\/uploads\/2017\/11\/icon_marine-66x66.png 66w, https:\/\/www.ertekchemicals.com\/wp-content\/uploads\/2017\/11\/icon_marine.png 100w\" sizes=\"(max-width: 100px) 100vw, 100px\" \/><\/span><\/div><\/div><div class=\"fusion-text fusion-text-1\"><h3 style=\"text-align: center;\"><span style=\"color: #ffffff;\">MAR\u0130N \u00dcR\u00dcNLER\u0130<\/span><\/h3>\n<\/div><div class=\"fusion-sep-clear\"><\/div><div class=\"fusion-separator\" style=\"margin-left: auto;margin-right: auto;margin-top:0px;margin-bottom:30px;width:100%;max-width:60px;\"><div class=\"fusion-separator-border sep-single sep-solid\" style=\"--awb-height:20px;--awb-amount:20px;--awb-sep-color:#81d742;border-color:#81d742;border-top-width:1px;\"><\/div><\/div><div class=\"fusion-sep-clear\"><\/div><div class=\"fusion-text fusion-text-2\"><p style=\"text-align: center;\"><a href=\"#\"><span style=\"color: #ffffff;\">\u0130ncele<\/span><\/a><\/p>\n<\/div><div class=\"fusion-sep-clear\"><\/div><div class=\"fusion-separator fusion-no-small-visibility fusion-no-medium-visibility fusion-full-width-sep\" style=\"margin-left: auto;margin-right: auto;margin-top:100px;width:100%;\"><\/div><div class=\"fusion-sep-clear\"><\/div><div class=\"fusion-clearfix\"><\/div><\/div><\/div><div class=\"fusion-layout-column fusion_builder_column fusion-builder-column-1 fusion_builder_column_1_4 1_4 fusion-one-fourth fusion-column-inner-bg-wrapper\" style=\"--awb-padding-bottom:18%;--awb-inner-bg-image:url(&#039;https:\/\/www.ertekchemicals.com\/wp-content\/uploads\/2017\/11\/sanayi_urunleri_bg.jpg&#039;);--awb-inner-bg-size:cover;width:25%;width:calc(25% - ( ( 0px + 0px + 0px ) * 0.25 ) );margin-right: 0px;\"><span class=\"fusion-column-inner-bg hover-type-zoomin\"><a class=\"fusion-column-anchor\" href=\"https:\/\/www.ertekchemicals.com\/tr\/urunlerimiz\/sanayi-urunleri\/\"><span class=\"fusion-column-inner-bg-image\"><\/span><\/a><\/span><div class=\"fusion-column-wrapper fusion-column-has-shadow fusion-flex-column-wrapper-legacy fusion-column-has-bg-image\" data-bg-url=\"https:\/\/www.ertekchemicals.com\/wp-content\/uploads\/2017\/11\/sanayi_urunleri_bg.jpg\"><div class=\"fusion-sep-clear\"><\/div><div class=\"fusion-separator fusion-no-small-visibility fusion-full-width-sep\" style=\"margin-left: auto;margin-right: auto;margin-top:170px;margin-bottom:20px;width:100%;\"><\/div><div class=\"fusion-sep-clear\"><\/div><div class=\"fusion-image-element fusion-image-align-center in-legacy-container\" style=\"text-align:center;--awb-caption-title-font-family:var(--h2_typography-font-family);--awb-caption-title-font-weight:var(--h2_typography-font-weight);--awb-caption-title-font-style:var(--h2_typography-font-style);--awb-caption-title-size:var(--h2_typography-font-size);--awb-caption-title-transform:var(--h2_typography-text-transform);--awb-caption-title-line-height:var(--h2_typography-line-height);--awb-caption-title-letter-spacing:var(--h2_typography-letter-spacing);\"><div class=\"imageframe-align-center\"><span class=\" fusion-imageframe imageframe-none imageframe-2 hover-type-none\"><img decoding=\"async\" width=\"100\" height=\"100\" title=\"icon_sanayi\" src=\"https:\/\/www.ertekchemicals.com\/wp-content\/uploads\/2017\/11\/icon_sanayi.png\" alt class=\"img-responsive wp-image-1344\" srcset=\"https:\/\/www.ertekchemicals.com\/wp-content\/uploads\/2017\/11\/icon_sanayi-66x66.png 66w, https:\/\/www.ertekchemicals.com\/wp-content\/uploads\/2017\/11\/icon_sanayi.png 100w\" sizes=\"(max-width: 100px) 100vw, 100px\" \/><\/span><\/div><\/div><div class=\"fusion-text fusion-text-3\"><h3 style=\"text-align: center;\"><span style=\"color: #ffffff;\">SANAY\u0130 \u00dcR\u00dcNLER\u0130<\/span><\/h3>\n<\/div><div class=\"fusion-sep-clear\"><\/div><div class=\"fusion-separator\" style=\"margin-left: auto;margin-right: auto;margin-top:0px;margin-bottom:30px;width:100%;max-width:60px;\"><div class=\"fusion-separator-border sep-single sep-solid\" style=\"--awb-height:20px;--awb-amount:20px;--awb-sep-color:#81d742;border-color:#81d742;border-top-width:1px;\"><\/div><\/div><div class=\"fusion-sep-clear\"><\/div><div class=\"fusion-text fusion-text-4\"><p style=\"text-align: center;\"><a href=\"#\"><span style=\"color: #ffffff;\">\u0130ncele<\/span><\/a><\/p>\n<\/div><div class=\"fusion-sep-clear\"><\/div><div class=\"fusion-separator fusion-no-small-visibility fusion-no-medium-visibility fusion-full-width-sep\" style=\"margin-left: auto;margin-right: auto;margin-top:100px;width:100%;\"><\/div><div class=\"fusion-sep-clear\"><\/div><div class=\"fusion-clearfix\"><\/div><\/div><\/div><div class=\"fusion-layout-column fusion_builder_column fusion-builder-column-2 fusion_builder_column_1_4 1_4 fusion-one-fourth fusion-column-inner-bg-wrapper\" style=\"--awb-padding-bottom:18%;--awb-inner-bg-image:url(&#039;https:\/\/www.ertekchemicals.com\/wp-content\/uploads\/2017\/11\/testkit_bg.jpg&#039;);--awb-inner-bg-size:cover;width:25%;width:calc(25% - ( ( 0px + 0px + 0px ) * 0.25 ) );margin-right: 0px;\"><span class=\"fusion-column-inner-bg hover-type-zoomin\"><a class=\"fusion-column-anchor\" href=\"https:\/\/www.ertekchemicals.com\/tr\/urunlerimiz\/test-kitleri-ve-ekipmanlar\/\"><span class=\"fusion-column-inner-bg-image\"><\/span><\/a><\/span><div class=\"fusion-column-wrapper fusion-column-has-shadow fusion-flex-column-wrapper-legacy fusion-column-has-bg-image\" data-bg-url=\"https:\/\/www.ertekchemicals.com\/wp-content\/uploads\/2017\/11\/testkit_bg.jpg\"><div class=\"fusion-sep-clear\"><\/div><div class=\"fusion-separator fusion-no-small-visibility fusion-full-width-sep\" style=\"margin-left: auto;margin-right: auto;margin-top:170px;margin-bottom:20px;width:100%;\"><\/div><div class=\"fusion-sep-clear\"><\/div><div class=\"fusion-image-element fusion-image-align-center in-legacy-container\" style=\"text-align:center;--awb-caption-title-font-family:var(--h2_typography-font-family);--awb-caption-title-font-weight:var(--h2_typography-font-weight);--awb-caption-title-font-style:var(--h2_typography-font-style);--awb-caption-title-size:var(--h2_typography-font-size);--awb-caption-title-transform:var(--h2_typography-text-transform);--awb-caption-title-line-height:var(--h2_typography-line-height);--awb-caption-title-letter-spacing:var(--h2_typography-letter-spacing);\"><div class=\"imageframe-align-center\"><span class=\" fusion-imageframe imageframe-none imageframe-3 hover-type-none\"><img decoding=\"async\" width=\"100\" height=\"100\" title=\"icon_testkit\" src=\"https:\/\/www.ertekchemicals.com\/wp-content\/uploads\/2017\/11\/icon_testkit.png\" alt class=\"img-responsive wp-image-1348\" srcset=\"https:\/\/www.ertekchemicals.com\/wp-content\/uploads\/2017\/11\/icon_testkit-66x66.png 66w, https:\/\/www.ertekchemicals.com\/wp-content\/uploads\/2017\/11\/icon_testkit.png 100w\" sizes=\"(max-width: 100px) 100vw, 100px\" \/><\/span><\/div><\/div><div class=\"fusion-text fusion-text-5\"><h3 style=\"text-align: center;\"><span style=\"color: #ffffff;\">TEST K\u0130TLER\u0130 VE EK\u0130PMANLAR<\/span><\/h3>\n<\/div><div class=\"fusion-sep-clear\"><\/div><div class=\"fusion-separator\" style=\"margin-left: auto;margin-right: auto;margin-top:0px;margin-bottom:30px;width:100%;max-width:60px;\"><div class=\"fusion-separator-border sep-single sep-solid\" style=\"--awb-height:20px;--awb-amount:20px;--awb-sep-color:#81d742;border-color:#81d742;border-top-width:1px;\"><\/div><\/div><div class=\"fusion-sep-clear\"><\/div><div class=\"fusion-text fusion-text-6\"><p style=\"text-align: center;\"><a href=\"#\"><span style=\"color: #ffffff;\">\u0130ncele<\/span><\/a><\/p>\n<\/div><div class=\"fusion-sep-clear\"><\/div><div class=\"fusion-separator fusion-no-small-visibility fusion-no-medium-visibility fusion-full-width-sep\" style=\"margin-left: auto;margin-right: auto;margin-top:100px;width:100%;\"><\/div><div class=\"fusion-sep-clear\"><\/div><div class=\"fusion-clearfix\"><\/div><\/div><\/div><div class=\"fusion-layout-column fusion_builder_column fusion-builder-column-3 fusion_builder_column_1_4 1_4 fusion-one-fourth fusion-column-last fusion-column-inner-bg-wrapper\" style=\"--awb-padding-bottom:18%;--awb-inner-bg-color:rgba(0,0,0,0.5);--awb-inner-bg-color-hover:rgba(0,0,0,0.5);--awb-inner-bg-image:url(&#039;https:\/\/www.ertekchemicals.com\/wp-content\/uploads\/2020\/05\/cosmos_slider_new-2.jpg&#039;);--awb-inner-bg-position:center center;--awb-inner-bg-size:cover;width:25%;width:calc(25% - ( ( 0px + 0px + 0px ) * 0.25 ) );\"><span class=\"fusion-column-inner-bg hover-type-zoomin\"><a class=\"fusion-column-anchor\" href=\"http:\/\/www.cosmosmarinechemicals.com\" target=\"_blank\" rel=\"noopener\"><span class=\"fusion-column-inner-bg-image\"><\/span><\/a><\/span><div class=\"fusion-column-wrapper fusion-column-has-shadow fusion-flex-column-wrapper-legacy fusion-column-has-bg-image\" data-bg-url=\"https:\/\/www.ertekchemicals.com\/wp-content\/uploads\/2020\/05\/cosmos_slider_new-2.jpg\"><div class=\"fusion-sep-clear\"><\/div><div class=\"fusion-separator fusion-no-small-visibility fusion-full-width-sep\" style=\"margin-left: auto;margin-right: auto;margin-top:170px;margin-bottom:20px;width:100%;\"><\/div><div class=\"fusion-sep-clear\"><\/div><div class=\"fusion-image-element fusion-image-align-center in-legacy-container\" style=\"text-align:center;--awb-caption-title-font-family:var(--h2_typography-font-family);--awb-caption-title-font-weight:var(--h2_typography-font-weight);--awb-caption-title-font-style:var(--h2_typography-font-style);--awb-caption-title-size:var(--h2_typography-font-size);--awb-caption-title-transform:var(--h2_typography-text-transform);--awb-caption-title-line-height:var(--h2_typography-line-height);--awb-caption-title-letter-spacing:var(--h2_typography-letter-spacing);\"><div class=\"imageframe-align-center\"><span class=\" fusion-imageframe imageframe-none imageframe-4 hover-type-none\"><img decoding=\"async\" width=\"100\" height=\"100\" title=\"icon-boat\" src=\"https:\/\/www.ertekchemicals.com\/wp-content\/uploads\/2020\/05\/icon-boat.png\" alt class=\"img-responsive wp-image-4817\" srcset=\"https:\/\/www.ertekchemicals.com\/wp-content\/uploads\/2020\/05\/icon-boat-66x66.png 66w, https:\/\/www.ertekchemicals.com\/wp-content\/uploads\/2020\/05\/icon-boat.png 100w\" sizes=\"(max-width: 100px) 100vw, 100px\" \/><\/span><\/div><\/div><div class=\"fusion-text fusion-text-7\"><h3 style=\"text-align: center;\"><span style=\"color: #ffffff;\">TEKNE \u00dcR\u00dcNLER\u0130<\/span><\/h3>\n<\/div><div class=\"fusion-sep-clear\"><\/div><div class=\"fusion-separator\" style=\"margin-left: auto;margin-right: auto;margin-top:0px;margin-bottom:30px;width:100%;max-width:60px;\"><div class=\"fusion-separator-border sep-single sep-solid\" style=\"--awb-height:20px;--awb-amount:20px;--awb-sep-color:#81d742;border-color:#81d742;border-top-width:1px;\"><\/div><\/div><div class=\"fusion-sep-clear\"><\/div><div class=\"fusion-text fusion-text-8\"><p style=\"text-align: center;\"><a href=\"#\"><span style=\"color: #ffffff;\">\u0130ncele<\/span><\/a><\/p>\n<\/div><div class=\"fusion-sep-clear\"><\/div><div class=\"fusion-separator fusion-no-small-visibility fusion-no-medium-visibility fusion-full-width-sep\" style=\"margin-left: auto;margin-right: auto;margin-top:100px;width:100%;\"><\/div><div class=\"fusion-sep-clear\"><\/div><div class=\"fusion-clearfix\"><\/div><\/div><\/div><\/div><\/div>\n","protected":false},"excerpt":{"rendered":"","protected":false},"author":1,"featured_media":0,"parent":0,"menu_order":0,"comment_status":"closed","ping_status":"closed","template":"100-width.php","meta":{"_acf_changed":false,"footnotes":""},"class_list":["post-1133","page","type-page","status-publish","hentry"],"acf":[],"_links":{"self":[{"href":"https:\/\/www.ertekchemicals.com\/tr\/wp-json\/wp\/v2\/pages\/1133","targetHints":{"allow":["GET"]}}],"collection":[{"href":"https:\/\/www.ertekchemicals.com\/tr\/wp-json\/wp\/v2\/pages"}],"about":[{"href":"https:\/\/www.ertekchemicals.com\/tr\/wp-json\/wp\/v2\/types\/page"}],"author":[{"embeddable":true,"href":"https:\/\/www.ertekchemicals.com\/tr\/wp-json\/wp\/v2\/users\/1"}],"replies":[{"embeddable":true,"href":"https:\/\/www.ertekchemicals.com\/tr\/wp-json\/wp\/v2\/comments?post=1133"}],"version-history":[{"count":0,"href":"https:\/\/www.ertekchemicals.com\/tr\/wp-json\/wp\/v2\/pages\/1133\/revisions"}],"wp:attachment":[{"href":"https:\/\/www.ertekchemicals.com\/tr\/wp-json\/wp\/v2\/media?parent=1133"}],"curies":[{"name":"wp","href":"https:\/\/api.w.org\/{rel}","templated":true}]}}