{"id":1222,"date":"2017-11-28T09:56:33","date_gmt":"2017-11-28T09:56:33","guid":{"rendered":"https:\/\/www.ertekchemicals.com\/?page_id=1222"},"modified":"2018-03-08T17:05:56","modified_gmt":"2018-03-08T14:05:56","slug":"asit-bazli-temizlik-kimyasallari","status":"publish","type":"page","link":"https:\/\/www.ertekchemicals.com\/tr\/urunlerimiz\/denizcilik-kimyasallari\/asit-bazli-temizlik-kimyasallari\/","title":{"rendered":"Asit Bazl\u0131 Temizlik Kimyasallar\u0131"},"content":{"rendered":"<div class=\"fusion-fullwidth fullwidth-box fusion-builder-row-1 nonhundred-percent-fullwidth non-hundred-percent-height-scrolling\" style=\"--awb-border-radius-top-left:0px;--awb-border-radius-top-right:0px;--awb-border-radius-bottom-right:0px;--awb-border-radius-bottom-left:0px;--awb-flex-wrap:wrap;\" ><div class=\"fusion-builder-row fusion-row\"><div class=\"fusion-layout-column fusion_builder_column fusion-builder-column-0 fusion_builder_column_1_1 1_1 fusion-one-full fusion-column-first fusion-column-last urunpdflist\" style=\"--awb-bg-size:cover;\"><div class=\"fusion-column-wrapper fusion-flex-column-wrapper-legacy\"><div class=\"fusion-reading-box-container reading-box-container-1 pdfurunlist\" style=\"--awb-title-color:#333333;--awb-margin-top:0px;--awb-margin-bottom:84px;\"><div class=\"reading-box\" style=\"background-color:#f6f6f6;border-width:1px;border-color:#f6f6f6;border-bottom-width:3px;border-bottom-color:var(--primary_color);border-style:solid;\"><a class=\"button fusion-button button-default fusion-button-medium button-medium button-flat fusion-desktop-button fusion-tagline-button continue fusion-desktop-button-margin continue-right\" style=\"-webkit-box-shadow:none;-moz-box-shadow:none;box-shadow:none;border-radius:0px 0px 0px 0px\" href=\"https:\/\/www.ertekchemicals.com\/sp-ks-081-er-passivating-liquid\/\" target=\"_blank\" rel=\"noopener noreferrer\"><span>\u0130NCELE<\/span><\/a><h2>ER-PASSIVATING LIQUID<\/h2><div class=\"reading-box-description fusion-reading-box-additional\">Pickling i\u015flemi sonras\u0131 pasivasyon yap\u0131lacak paslanmaz \u00e7elik y\u00fczeyler<\/div><div class=\"fusion-clearfix\"><\/div><a class=\"button fusion-button button-default fusion-button-medium button-medium button-flat fusion-mobile-button continue-right\" style=\"-webkit-box-shadow:none;-moz-box-shadow:none;box-shadow:none;border-radius:0px 0px 0px 0px\" href=\"https:\/\/www.ertekchemicals.com\/sp-ks-081-er-passivating-liquid\/\" target=\"_blank\" rel=\"noopener noreferrer\"><span>\u0130NCELE<\/span><\/a><\/div><\/div><div class=\"fusion-reading-box-container reading-box-container-2 pdfurunlist\" style=\"--awb-title-color:#333333;--awb-margin-top:0px;--awb-margin-bottom:84px;\"><div class=\"reading-box\" style=\"background-color:#f6f6f6;border-width:1px;border-color:#f6f6f6;border-bottom-width:3px;border-bottom-color:var(--primary_color);border-style:solid;\"><a class=\"button fusion-button button-default fusion-button-medium button-medium button-flat fusion-desktop-button fusion-tagline-button continue fusion-desktop-button-margin continue-right\" style=\"-webkit-box-shadow:none;-moz-box-shadow:none;box-shadow:none;border-radius:0px 0px 0px 0px\" href=\"https:\/\/www.ertekchemicals.com\/sp-ks-080-er-pickling-liquid\/\" target=\"_blank\" rel=\"noopener noreferrer\"><span>\u0130NCELE<\/span><\/a><h2>ER-PICKLING LIQUID<\/h2><div class=\"reading-box-description fusion-reading-box-additional\">Kaynak i\u015fleminden sonra paslanmaz \u00e7elik y\u00fczeylerin temizli\u011finde<\/div><div class=\"fusion-clearfix\"><\/div><a class=\"button fusion-button button-default fusion-button-medium button-medium button-flat fusion-mobile-button continue-right\" style=\"-webkit-box-shadow:none;-moz-box-shadow:none;box-shadow:none;border-radius:0px 0px 0px 0px\" href=\"https:\/\/www.ertekchemicals.com\/sp-ks-080-er-pickling-liquid\/\" target=\"_blank\" rel=\"noopener noreferrer\"><span>\u0130NCELE<\/span><\/a><\/div><\/div><div class=\"fusion-reading-box-container reading-box-container-3 pdfurunlist\" style=\"--awb-title-color:#333333;--awb-margin-top:0px;--awb-margin-bottom:84px;\"><div class=\"reading-box\" style=\"background-color:#f6f6f6;border-width:1px;border-color:#f6f6f6;border-bottom-width:3px;border-bottom-color:var(--primary_color);border-style:solid;\"><a class=\"button fusion-button button-default fusion-button-medium button-medium button-flat fusion-desktop-button fusion-tagline-button continue fusion-desktop-button-margin continue-right\" style=\"-webkit-box-shadow:none;-moz-box-shadow:none;box-shadow:none;border-radius:0px 0px 0px 0px\" href=\"https:\/\/www.ertekchemicals.com\/sp-ks-072-erasit-org-green-acid\/\" target=\"_blank\" rel=\"noopener noreferrer\"><span>\u0130NCELE<\/span><\/a><h2>ERAS\u0130T ORG (GREEN ACID)<\/h2><div class=\"reading-box-description fusion-reading-box-additional\">T\u00fcm y\u00fczeylerde kire\u00e7, k\u0131\u015f\u0131r \u00e7\u00f6z\u00fcc\u00fc kimyasald\u0131r<\/div><div class=\"fusion-clearfix\"><\/div><a class=\"button fusion-button button-default fusion-button-medium button-medium button-flat fusion-mobile-button continue-right\" style=\"-webkit-box-shadow:none;-moz-box-shadow:none;box-shadow:none;border-radius:0px 0px 0px 0px\" href=\"https:\/\/www.ertekchemicals.com\/sp-ks-072-erasit-org-green-acid\/\" target=\"_blank\" rel=\"noopener noreferrer\"><span>\u0130NCELE<\/span><\/a><\/div><\/div><div class=\"fusion-reading-box-container reading-box-container-4 pdfurunlist\" style=\"--awb-title-color:#333333;--awb-margin-top:0px;--awb-margin-bottom:84px;\"><div class=\"reading-box\" style=\"background-color:#f6f6f6;border-width:1px;border-color:#f6f6f6;border-bottom-width:3px;border-bottom-color:var(--primary_color);border-style:solid;\"><a class=\"button fusion-button button-default fusion-button-medium button-medium button-flat fusion-desktop-button fusion-tagline-button continue fusion-desktop-button-margin continue-right\" style=\"-webkit-box-shadow:none;-moz-box-shadow:none;box-shadow:none;border-radius:0px 0px 0px 0px\" href=\"https:\/\/www.ertekchemicals.com\/sp-ks-079-er-bright-al\/\" target=\"_blank\" rel=\"noopener noreferrer\"><span>\u0130NCELE<\/span><\/a><h2>ER-BRIGHT AL <\/h2><div class=\"reading-box-description fusion-reading-box-additional\">Al\u00fcminyum galvaniz, pirin\u00e7, bak\u0131r, paslanmaz gibi hassas metallerde<\/div><div class=\"fusion-clearfix\"><\/div><a class=\"button fusion-button button-default fusion-button-medium button-medium button-flat fusion-mobile-button continue-right\" style=\"-webkit-box-shadow:none;-moz-box-shadow:none;box-shadow:none;border-radius:0px 0px 0px 0px\" href=\"https:\/\/www.ertekchemicals.com\/sp-ks-079-er-bright-al\/\" target=\"_blank\" rel=\"noopener noreferrer\"><span>\u0130NCELE<\/span><\/a><\/div><\/div><div class=\"fusion-reading-box-container reading-box-container-5 pdfurunlist\" style=\"--awb-title-color:#333333;--awb-margin-top:0px;--awb-margin-bottom:84px;\"><div class=\"reading-box\" style=\"background-color:#f6f6f6;border-width:1px;border-color:#f6f6f6;border-bottom-width:3px;border-bottom-color:var(--primary_color);border-style:solid;\"><a class=\"button fusion-button button-default fusion-button-medium button-medium button-flat fusion-desktop-button fusion-tagline-button continue fusion-desktop-button-margin continue-right\" style=\"-webkit-box-shadow:none;-moz-box-shadow:none;box-shadow:none;border-radius:0px 0px 0px 0px\" href=\"https:\/\/www.ertekchemicals.com\/sp-ks-078-erclean-brite-metal-parlatici\/\" target=\"_blank\" rel=\"noopener noreferrer\"><span>\u0130NCELE<\/span><\/a><h2>ERCLEAN BRITE (METAL PARLATICI)<\/h2><div class=\"reading-box-description fusion-reading-box-additional\">Paslanm\u0131\u015f, ya\u011fl\u0131 ve kirli demir, \u00e7elik y\u00fczeyler<\/div><div class=\"fusion-clearfix\"><\/div><a class=\"button fusion-button button-default fusion-button-medium button-medium button-flat fusion-mobile-button continue-right\" style=\"-webkit-box-shadow:none;-moz-box-shadow:none;box-shadow:none;border-radius:0px 0px 0px 0px\" href=\"https:\/\/www.ertekchemicals.com\/sp-ks-078-erclean-brite-metal-parlatici\/\" target=\"_blank\" rel=\"noopener noreferrer\"><span>\u0130NCELE<\/span><\/a><\/div><\/div><div class=\"fusion-reading-box-container reading-box-container-6 pdfurunlist\" style=\"--awb-title-color:#333333;--awb-margin-top:0px;--awb-margin-bottom:84px;\"><div class=\"reading-box\" style=\"background-color:#f6f6f6;border-width:1px;border-color:#f6f6f6;border-bottom-width:3px;border-bottom-color:var(--primary_color);border-style:solid;\"><a class=\"button fusion-button button-default fusion-button-medium button-medium button-flat fusion-desktop-button fusion-tagline-button continue fusion-desktop-button-margin continue-right\" style=\"-webkit-box-shadow:none;-moz-box-shadow:none;box-shadow:none;border-radius:0px 0px 0px 0px\" href=\"https:\/\/www.ertekchemicals.com\/sp-ks-232-kromer\/\" target=\"_blank\" rel=\"noopener noreferrer\"><span>\u0130NCELE<\/span><\/a><h2>KROMER<\/h2><div class=\"reading-box-description fusion-reading-box-additional\">Hassas metallerde kire\u00e7 ve pas s\u00f6k\u00fcc\u00fc kimyasald\u0131r.<\/div><div class=\"fusion-clearfix\"><\/div><a class=\"button fusion-button button-default fusion-button-medium button-medium button-flat fusion-mobile-button continue-right\" style=\"-webkit-box-shadow:none;-moz-box-shadow:none;box-shadow:none;border-radius:0px 0px 0px 0px\" href=\"https:\/\/www.ertekchemicals.com\/sp-ks-232-kromer\/\" target=\"_blank\" rel=\"noopener noreferrer\"><span>\u0130NCELE<\/span><\/a><\/div><\/div><div class=\"fusion-reading-box-container reading-box-container-7 pdfurunlist\" style=\"--awb-title-color:#333333;--awb-margin-top:0px;--awb-margin-bottom:84px;\"><div class=\"reading-box\" style=\"background-color:#f6f6f6;border-width:1px;border-color:#f6f6f6;border-bottom-width:3px;border-bottom-color:var(--primary_color);border-style:solid;\"><a class=\"button fusion-button button-default fusion-button-medium button-medium button-flat fusion-desktop-button fusion-tagline-button continue fusion-desktop-button-margin continue-right\" style=\"-webkit-box-shadow:none;-moz-box-shadow:none;box-shadow:none;border-radius:0px 0px 0px 0px\" href=\"https:\/\/www.ertekchemicals.com\/sp-ks-071-organik-asit-3s-descalex-lq\/\" target=\"_blank\" rel=\"noopener noreferrer\"><span>\u0130NCELE<\/span><\/a><h2>ORGAN\u0130K AS\u0130T-3S (DESCALEX LQ) <\/h2><div class=\"reading-box-description fusion-reading-box-additional\">Hassas metallerde kire\u00e7 ve pas s\u00f6k\u00fcc\u00fc kimyasald\u0131r<\/div><div class=\"fusion-clearfix\"><\/div><a class=\"button fusion-button button-default fusion-button-medium button-medium button-flat fusion-mobile-button continue-right\" style=\"-webkit-box-shadow:none;-moz-box-shadow:none;box-shadow:none;border-radius:0px 0px 0px 0px\" href=\"https:\/\/www.ertekchemicals.com\/sp-ks-071-organik-asit-3s-descalex-lq\/\" target=\"_blank\" rel=\"noopener noreferrer\"><span>\u0130NCELE<\/span><\/a><\/div><\/div><div class=\"fusion-reading-box-container reading-box-container-8 pdfurunlist\" style=\"--awb-title-color:#333333;--awb-margin-top:0px;--awb-margin-bottom:84px;\"><div class=\"reading-box\" style=\"background-color:#f6f6f6;border-width:1px;border-color:#f6f6f6;border-bottom-width:3px;border-bottom-color:var(--primary_color);border-style:solid;\"><a class=\"button fusion-button button-default fusion-button-medium button-medium button-flat fusion-desktop-button fusion-tagline-button continue fusion-desktop-button-margin continue-right\" style=\"-webkit-box-shadow:none;-moz-box-shadow:none;box-shadow:none;border-radius:0px 0px 0px 0px\" href=\"https:\/\/www.ertekchemicals.com\/sp-ks-070-organik-asit-toz\/\" target=\"_blank\" rel=\"noopener noreferrer\"><span>\u0130NCELE<\/span><\/a><h2>ORGAN\u0130K AS\u0130T-TOZ<\/h2><div class=\"reading-box-description fusion-reading-box-additional\">Hassas metal y\u00fczeylerindeki pas ve kire\u00e7 birikintilerinin temizlenmesi\n<\/div><div class=\"fusion-clearfix\"><\/div><a class=\"button fusion-button button-default fusion-button-medium button-medium button-flat fusion-mobile-button continue-right\" style=\"-webkit-box-shadow:none;-moz-box-shadow:none;box-shadow:none;border-radius:0px 0px 0px 0px\" href=\"https:\/\/www.ertekchemicals.com\/sp-ks-070-organik-asit-toz\/\" target=\"_blank\" rel=\"noopener noreferrer\"><span>\u0130NCELE<\/span><\/a><\/div><\/div><div class=\"fusion-reading-box-container reading-box-container-9 pdfurunlist\" style=\"--awb-title-color:#333333;--awb-margin-top:0px;--awb-margin-bottom:84px;\"><div class=\"reading-box\" style=\"background-color:#f6f6f6;border-width:1px;border-color:#f6f6f6;border-bottom-width:3px;border-bottom-color:var(--primary_color);border-style:solid;\"><a class=\"button fusion-button button-default fusion-button-medium button-medium button-flat fusion-desktop-button fusion-tagline-button continue fusion-desktop-button-margin continue-right\" style=\"-webkit-box-shadow:none;-moz-box-shadow:none;box-shadow:none;border-radius:0px 0px 0px 0px\" href=\"https:\/\/www.ertekchemicals.com\/sp-ks-073-pas-sokucu\/\" target=\"_blank\" rel=\"noopener noreferrer\"><span>\u0130NCELE<\/span><\/a><h2>PAS S\u00d6K\u00dcC\u00dc (IMO ONAYLI)<\/h2><div class=\"reading-box-description fusion-reading-box-additional\">Kirli, pasl\u0131 y\u00fczeyler<\/div><div class=\"fusion-clearfix\"><\/div><a class=\"button fusion-button button-default fusion-button-medium button-medium button-flat fusion-mobile-button continue-right\" style=\"-webkit-box-shadow:none;-moz-box-shadow:none;box-shadow:none;border-radius:0px 0px 0px 0px\" href=\"https:\/\/www.ertekchemicals.com\/sp-ks-073-pas-sokucu\/\" target=\"_blank\" rel=\"noopener noreferrer\"><span>\u0130NCELE<\/span><\/a><\/div><\/div><div class=\"fusion-reading-box-container reading-box-container-10 pdfurunlist\" style=\"--awb-title-color:#333333;--awb-margin-top:0px;--awb-margin-bottom:84px;\"><div class=\"reading-box\" style=\"background-color:#f6f6f6;border-width:1px;border-color:#f6f6f6;border-bottom-width:3px;border-bottom-color:var(--primary_color);border-style:solid;\"><a class=\"button fusion-button button-default fusion-button-medium button-medium button-flat fusion-desktop-button fusion-tagline-button continue fusion-desktop-button-margin continue-right\" style=\"-webkit-box-shadow:none;-moz-box-shadow:none;box-shadow:none;border-radius:0px 0px 0px 0px\" href=\"https:\/\/www.ertekchemicals.com\/sp-ks-074-rust-remover-4e\/\" target=\"_blank\" rel=\"noopener noreferrer\"><span>\u0130NCELE<\/span><\/a><h2>RUST REMOVER 4E<\/h2><div class=\"reading-box-description fusion-reading-box-additional\">Paslanm\u0131\u015f, ya\u011fl\u0131 ve kirli demir, \u00e7elik y\u00fczeyler<\/div><div class=\"fusion-clearfix\"><\/div><a class=\"button fusion-button button-default fusion-button-medium button-medium button-flat fusion-mobile-button continue-right\" style=\"-webkit-box-shadow:none;-moz-box-shadow:none;box-shadow:none;border-radius:0px 0px 0px 0px\" href=\"https:\/\/www.ertekchemicals.com\/sp-ks-074-rust-remover-4e\/\" target=\"_blank\" rel=\"noopener noreferrer\"><span>\u0130NCELE<\/span><\/a><\/div><\/div><div class=\"fusion-reading-box-container reading-box-container-11 pdfurunlist\" style=\"--awb-title-color:#333333;--awb-margin-top:0px;--awb-margin-bottom:84px;\"><div class=\"reading-box\" style=\"background-color:#f6f6f6;border-width:1px;border-color:#f6f6f6;border-bottom-width:3px;border-bottom-color:var(--primary_color);border-style:solid;\"><a class=\"button fusion-button button-default fusion-button-medium button-medium button-flat fusion-desktop-button fusion-tagline-button continue fusion-desktop-button-margin continue-right\" style=\"-webkit-box-shadow:none;-moz-box-shadow:none;box-shadow:none;border-radius:0px 0px 0px 0px\" href=\"https:\/\/www.ertekchemicals.com\/sp-ks-075-rust-stop\/\" target=\"_blank\" rel=\"noopener noreferrer\"><span>\u0130NCELE<\/span><\/a><h2>RUST STOP<\/h2><div class=\"reading-box-description fusion-reading-box-additional\">Paslanm\u0131\u015f demir, \u00e7elik y\u00fczeyler.<\/div><div class=\"fusion-clearfix\"><\/div><a class=\"button fusion-button button-default fusion-button-medium button-medium button-flat fusion-mobile-button continue-right\" style=\"-webkit-box-shadow:none;-moz-box-shadow:none;box-shadow:none;border-radius:0px 0px 0px 0px\" href=\"https:\/\/www.ertekchemicals.com\/sp-ks-075-rust-stop\/\" target=\"_blank\" rel=\"noopener noreferrer\"><span>\u0130NCELE<\/span><\/a><\/div><\/div><div class=\"fusion-reading-box-container reading-box-container-12 pdfurunlist\" style=\"--awb-title-color:#333333;--awb-margin-top:0px;--awb-margin-bottom:84px;\"><div class=\"reading-box\" style=\"background-color:#f6f6f6;border-width:1px;border-color:#f6f6f6;border-bottom-width:3px;border-bottom-color:var(--primary_color);border-style:solid;\"><a class=\"button fusion-button button-default fusion-button-medium button-medium button-flat fusion-desktop-button fusion-tagline-button continue fusion-desktop-button-margin continue-right\" style=\"-webkit-box-shadow:none;-moz-box-shadow:none;box-shadow:none;border-radius:0px 0px 0px 0px\" href=\"https:\/\/www.ertekchemicals.com\/sp-ks-076-seperator-temizleyici-disc-cleaner\/\" target=\"_blank\" rel=\"noopener noreferrer\"><span>\u0130NCELE<\/span><\/a><h2>SEPERAT\u00d6R TEM\u0130ZLEY\u0130C\u0130 (DISC CLEANER)<\/h2><div class=\"reading-box-description fusion-reading-box-additional\">Seperat\u00f6rde biriken k\u0131\u015f\u0131r, deniz suyu kal\u0131nt\u0131s\u0131, pas ve ya\u011f\u0131n temizli\u011finde kullan\u0131lan kimyasal temizleyicidir\n<\/div><div class=\"fusion-clearfix\"><\/div><a class=\"button fusion-button button-default fusion-button-medium button-medium button-flat fusion-mobile-button continue-right\" style=\"-webkit-box-shadow:none;-moz-box-shadow:none;box-shadow:none;border-radius:0px 0px 0px 0px\" href=\"https:\/\/www.ertekchemicals.com\/sp-ks-076-seperator-temizleyici-disc-cleaner\/\" target=\"_blank\" rel=\"noopener noreferrer\"><span>\u0130NCELE<\/span><\/a><\/div><\/div><div class=\"fusion-reading-box-container reading-box-container-13 pdfurunlist\" style=\"--awb-title-color:#333333;--awb-margin-top:0px;--awb-margin-bottom:84px;\"><div class=\"reading-box\" style=\"background-color:#f6f6f6;border-width:1px;border-color:#f6f6f6;border-bottom-width:3px;border-bottom-color:var(--primary_color);border-style:solid;\"><a class=\"button fusion-button button-default fusion-button-medium button-medium button-flat fusion-desktop-button fusion-tagline-button continue fusion-desktop-button-margin continue-right\" style=\"-webkit-box-shadow:none;-moz-box-shadow:none;box-shadow:none;border-radius:0px 0px 0px 0px\" href=\"https:\/\/www.ertekchemicals.com\/sp-ks-069-tas-asit\/\" target=\"_blank\" rel=\"noopener noreferrer\"><span>\u0130NCELE<\/span><\/a><h2>TA\u015e AS\u0130T<\/h2><div class=\"reading-box-description fusion-reading-box-additional\">Is\u0131 de\u011fi\u015ftirici sistemlerindeki pas ve kire\u00e7 birikintilerinin temizlenmesi<\/div><div class=\"fusion-clearfix\"><\/div><a class=\"button fusion-button button-default fusion-button-medium button-medium button-flat fusion-mobile-button continue-right\" style=\"-webkit-box-shadow:none;-moz-box-shadow:none;box-shadow:none;border-radius:0px 0px 0px 0px\" href=\"https:\/\/www.ertekchemicals.com\/sp-ks-069-tas-asit\/\" target=\"_blank\" rel=\"noopener noreferrer\"><span>\u0130NCELE<\/span><\/a><\/div><\/div><div class=\"fusion-reading-box-container reading-box-container-14 pdfurunlist\" style=\"--awb-title-color:#333333;--awb-margin-top:0px;--awb-margin-bottom:84px;\"><div class=\"reading-box\" style=\"background-color:#f6f6f6;border-width:1px;border-color:#f6f6f6;border-bottom-width:3px;border-bottom-color:var(--primary_color);border-style:solid;\"><a class=\"button fusion-button button-default fusion-button-medium button-medium button-flat fusion-desktop-button fusion-tagline-button continue fusion-desktop-button-margin continue-right\" style=\"-webkit-box-shadow:none;-moz-box-shadow:none;box-shadow:none;border-radius:0px 0px 0px 0px\" href=\"https:\/\/www.ertekchemicals.com\/sp-ks-077-teak-cleaner-guverte-temizleyici\/\" target=\"_blank\" rel=\"noopener noreferrer\"><span>\u0130NCELE<\/span><\/a><h2>TEAK CLEANER (G\u00dcVERTE TEM\u0130ZLEY\u0130C\u0130) <\/h2><div class=\"reading-box-description fusion-reading-box-additional\">Tahta, ah\u015fap, tik y\u00fczeyler<\/div><div class=\"fusion-clearfix\"><\/div><a class=\"button fusion-button button-default fusion-button-medium button-medium button-flat fusion-mobile-button continue-right\" style=\"-webkit-box-shadow:none;-moz-box-shadow:none;box-shadow:none;border-radius:0px 0px 0px 0px\" href=\"https:\/\/www.ertekchemicals.com\/sp-ks-077-teak-cleaner-guverte-temizleyici\/\" target=\"_blank\" rel=\"noopener noreferrer\"><span>\u0130NCELE<\/span><\/a><\/div><\/div><div class=\"fusion-clearfix\"><\/div><\/div><\/div><\/div><\/div>\n","protected":false},"excerpt":{"rendered":"","protected":false},"author":1,"featured_media":0,"parent":1353,"menu_order":0,"comment_status":"closed","ping_status":"closed","template":"","meta":{"_acf_changed":false,"footnotes":""},"class_list":["post-1222","page","type-page","status-publish","hentry"],"acf":[],"_links":{"self":[{"href":"https:\/\/www.ertekchemicals.com\/tr\/wp-json\/wp\/v2\/pages\/1222","targetHints":{"allow":["GET"]}}],"collection":[{"href":"https:\/\/www.ertekchemicals.com\/tr\/wp-json\/wp\/v2\/pages"}],"about":[{"href":"https:\/\/www.ertekchemicals.com\/tr\/wp-json\/wp\/v2\/types\/page"}],"author":[{"embeddable":true,"href":"https:\/\/www.ertekchemicals.com\/tr\/wp-json\/wp\/v2\/users\/1"}],"replies":[{"embeddable":true,"href":"https:\/\/www.ertekchemicals.com\/tr\/wp-json\/wp\/v2\/comments?post=1222"}],"version-history":[{"count":0,"href":"https:\/\/www.ertekchemicals.com\/tr\/wp-json\/wp\/v2\/pages\/1222\/revisions"}],"up":[{"embeddable":true,"href":"https:\/\/www.ertekchemicals.com\/tr\/wp-json\/wp\/v2\/pages\/1353"}],"wp:attachment":[{"href":"https:\/\/www.ertekchemicals.com\/tr\/wp-json\/wp\/v2\/media?parent=1222"}],"curies":[{"name":"wp","href":"https:\/\/api.w.org\/{rel}","templated":true}]}}