{"id":1311,"date":"2017-11-29T14:41:31","date_gmt":"2017-11-29T14:41:31","guid":{"rendered":"https:\/\/www.ertekchemicals.com\/?page_id=1311"},"modified":"2018-01-02T13:00:12","modified_gmt":"2018-01-02T13:00:12","slug":"kazan-suyu-bakim-kimyasallari","status":"publish","type":"page","link":"https:\/\/www.ertekchemicals.com\/tr\/urunlerimiz\/sanayi-kimyasallari\/kazan-suyu-bakim-kimyasallari\/","title":{"rendered":"Kazan Suyu Bak\u0131m Kimyasallar\u0131"},"content":{"rendered":"<div class=\"fusion-fullwidth fullwidth-box fusion-builder-row-1 nonhundred-percent-fullwidth non-hundred-percent-height-scrolling\" style=\"--awb-border-radius-top-left:0px;--awb-border-radius-top-right:0px;--awb-border-radius-bottom-right:0px;--awb-border-radius-bottom-left:0px;--awb-flex-wrap:wrap;\" ><div class=\"fusion-builder-row fusion-row\"><div class=\"fusion-layout-column fusion_builder_column fusion-builder-column-0 fusion_builder_column_1_1 1_1 fusion-one-full fusion-column-first fusion-column-last urunpdflist\" style=\"--awb-bg-size:cover;\"><div class=\"fusion-column-wrapper fusion-flex-column-wrapper-legacy\"><div class=\"fusion-reading-box-container reading-box-container-1 pdfurunlist\" style=\"--awb-title-color:#333333;--awb-margin-top:0px;--awb-margin-bottom:84px;\"><div class=\"reading-box\" style=\"background-color:#f6f6f6;border-width:1px;border-color:#f6f6f6;border-bottom-width:3px;border-bottom-color:var(--primary_color);border-style:solid;\"><a class=\"button fusion-button button-default fusion-button-medium button-medium button-flat fusion-desktop-button fusion-tagline-button continue fusion-desktop-button-margin continue-right\" style=\"-webkit-box-shadow:none;-moz-box-shadow:none;box-shadow:none;border-radius:0px 0px 0px 0px\" href=\"https:\/\/www.ertekchemicals.com\/sp-ks-009-boiler-coagulant\/\" target=\"_blank\" rel=\"noopener noreferrer\"><span>\u0130NCELE<\/span><\/a><h2>BOILER COAGULANT <\/h2><div class=\"reading-box-description fusion-reading-box-additional\">Buhar ve kaynar su kazanlar\u0131nda \u00e7amur \u00f6nleyici katk\u0131 maddesi<\/div><div class=\"fusion-clearfix\"><\/div><a class=\"button fusion-button button-default fusion-button-medium button-medium button-flat fusion-mobile-button continue-right\" style=\"-webkit-box-shadow:none;-moz-box-shadow:none;box-shadow:none;border-radius:0px 0px 0px 0px\" href=\"https:\/\/www.ertekchemicals.com\/sp-ks-009-boiler-coagulant\/\" target=\"_blank\" rel=\"noopener noreferrer\"><span>\u0130NCELE<\/span><\/a><\/div><\/div><div class=\"fusion-reading-box-container reading-box-container-2 pdfurunlist\" style=\"--awb-title-color:#333333;--awb-margin-top:0px;--awb-margin-bottom:84px;\"><div class=\"reading-box\" style=\"background-color:#f6f6f6;border-width:1px;border-color:#f6f6f6;border-bottom-width:3px;border-bottom-color:var(--primary_color);border-style:solid;\"><a class=\"button fusion-button button-default fusion-button-medium button-medium button-flat fusion-desktop-button fusion-tagline-button continue fusion-desktop-button-margin continue-right\" style=\"-webkit-box-shadow:none;-moz-box-shadow:none;box-shadow:none;border-radius:0px 0px 0px 0px\" href=\"https:\/\/www.ertekchemicals.com\/sp-ks-002-ec-2-condensate-control\/\" target=\"_blank\" rel=\"noopener noreferrer\"><span>\u0130NCELE<\/span><\/a><h2>EC -2 (CONDENSATE CONTROL) <\/h2><div class=\"reading-box-description fusion-reading-box-additional\">Buhar hatlar\u0131 korozyon \u00f6nleyici<\/div><div class=\"fusion-clearfix\"><\/div><a class=\"button fusion-button button-default fusion-button-medium button-medium button-flat fusion-mobile-button continue-right\" style=\"-webkit-box-shadow:none;-moz-box-shadow:none;box-shadow:none;border-radius:0px 0px 0px 0px\" href=\"https:\/\/www.ertekchemicals.com\/sp-ks-002-ec-2-condensate-control\/\" target=\"_blank\" rel=\"noopener noreferrer\"><span>\u0130NCELE<\/span><\/a><\/div><\/div><div class=\"fusion-reading-box-container reading-box-container-3 pdfurunlist\" style=\"--awb-title-color:#333333;--awb-margin-top:0px;--awb-margin-bottom:84px;\"><div class=\"reading-box\" style=\"background-color:#f6f6f6;border-width:1px;border-color:#f6f6f6;border-bottom-width:3px;border-bottom-color:var(--primary_color);border-style:solid;\"><a class=\"button fusion-button button-default fusion-button-medium button-medium button-flat fusion-desktop-button fusion-tagline-button continue fusion-desktop-button-margin continue-right\" style=\"-webkit-box-shadow:none;-moz-box-shadow:none;box-shadow:none;border-radius:0px 0px 0px 0px\" href=\"https:\/\/www.ertekchemicals.com\/?p=1119\" target=\"_blank\" rel=\"noopener noreferrer\"><span>\u0130NCELE<\/span><\/a><h2>EC -2H (OXYGEN CONTROL) <\/h2><div class=\"reading-box-description fusion-reading-box-additional\">Buhar ve s\u0131cak su kazan\u0131 korozyon \u00f6nleyici<\/div><div class=\"fusion-clearfix\"><\/div><a class=\"button fusion-button button-default fusion-button-medium button-medium button-flat fusion-mobile-button continue-right\" style=\"-webkit-box-shadow:none;-moz-box-shadow:none;box-shadow:none;border-radius:0px 0px 0px 0px\" href=\"https:\/\/www.ertekchemicals.com\/?p=1119\" target=\"_blank\" rel=\"noopener noreferrer\"><span>\u0130NCELE<\/span><\/a><\/div><\/div><div class=\"fusion-reading-box-container reading-box-container-4 pdfurunlist\" style=\"--awb-title-color:#333333;--awb-margin-top:0px;--awb-margin-bottom:84px;\"><div class=\"reading-box\" style=\"background-color:#f6f6f6;border-width:1px;border-color:#f6f6f6;border-bottom-width:3px;border-bottom-color:var(--primary_color);border-style:solid;\"><a class=\"button fusion-button button-default fusion-button-medium button-medium button-flat fusion-desktop-button fusion-tagline-button continue fusion-desktop-button-margin continue-right\" style=\"-webkit-box-shadow:none;-moz-box-shadow:none;box-shadow:none;border-radius:0px 0px 0px 0px\" href=\"https:\/\/www.ertekchemicals.com\/sp-ks-178-ec-3-condensate-control\/\" target=\"_blank\" rel=\"noopener noreferrer\"><span>\u0130NCELE<\/span><\/a><h2>EC -3 (CONDENSATE CONTROL) <\/h2><div class=\"reading-box-description fusion-reading-box-additional\">Uzun yo\u011fu\u015fum hatt\u0131 olan (> 400 m) buhar kazanlar\u0131 ve buhar hatlar\u0131nda<\/div><div class=\"fusion-clearfix\"><\/div><a class=\"button fusion-button button-default fusion-button-medium button-medium button-flat fusion-mobile-button continue-right\" style=\"-webkit-box-shadow:none;-moz-box-shadow:none;box-shadow:none;border-radius:0px 0px 0px 0px\" href=\"https:\/\/www.ertekchemicals.com\/sp-ks-178-ec-3-condensate-control\/\" target=\"_blank\" rel=\"noopener noreferrer\"><span>\u0130NCELE<\/span><\/a><\/div><\/div><div class=\"fusion-reading-box-container reading-box-container-5 pdfurunlist\" style=\"--awb-title-color:#333333;--awb-margin-top:0px;--awb-margin-bottom:84px;\"><div class=\"reading-box\" style=\"background-color:#f6f6f6;border-width:1px;border-color:#f6f6f6;border-bottom-width:3px;border-bottom-color:var(--primary_color);border-style:solid;\"><a class=\"button fusion-button button-default fusion-button-medium button-medium button-flat fusion-desktop-button fusion-tagline-button continue fusion-desktop-button-margin continue-right\" style=\"-webkit-box-shadow:none;-moz-box-shadow:none;box-shadow:none;border-radius:0px 0px 0px 0px\" href=\"https:\/\/www.ertekchemicals.com\/sp-ks-005-ek-1-wh-kazan-suyu-bakim-kimyasali\/\" target=\"_blank\" rel=\"noopener noreferrer\"><span>\u0130NCELE<\/span><\/a><h2>EK -1 WH (KAZAN SUYU BAKIM K\u0130MYASALI) <\/h2><div class=\"reading-box-description fusion-reading-box-additional\">Buhar ve kaynar su sistemlerinde k\u0131\u015f\u0131r ve korozyon \u00f6nleyici<\/div><div class=\"fusion-clearfix\"><\/div><a class=\"button fusion-button button-default fusion-button-medium button-medium button-flat fusion-mobile-button continue-right\" style=\"-webkit-box-shadow:none;-moz-box-shadow:none;box-shadow:none;border-radius:0px 0px 0px 0px\" href=\"https:\/\/www.ertekchemicals.com\/sp-ks-005-ek-1-wh-kazan-suyu-bakim-kimyasali\/\" target=\"_blank\" rel=\"noopener noreferrer\"><span>\u0130NCELE<\/span><\/a><\/div><\/div><div class=\"fusion-reading-box-container reading-box-container-6 pdfurunlist\" style=\"--awb-title-color:#333333;--awb-margin-top:0px;--awb-margin-bottom:84px;\"><div class=\"reading-box\" style=\"background-color:#f6f6f6;border-width:1px;border-color:#f6f6f6;border-bottom-width:3px;border-bottom-color:var(--primary_color);border-style:solid;\"><a class=\"button fusion-button button-default fusion-button-medium button-medium button-flat fusion-desktop-button fusion-tagline-button continue fusion-desktop-button-margin continue-right\" style=\"-webkit-box-shadow:none;-moz-box-shadow:none;box-shadow:none;border-radius:0px 0px 0px 0px\" href=\"https:\/\/www.ertekchemicals.com\/sp-ks-001-ek-1-kazan-suyu-bakim-kimyasali\/\" target=\"_blank\" rel=\"noopener noreferrer\"><span>\u0130NCELE<\/span><\/a><h2> EK -1 (KAZAN SUYU BAKIM K\u0130MYASALI) <\/h2><div class=\"reading-box-description fusion-reading-box-additional\">Buhar ve kaynar su sistemlerinde k\u0131\u015f\u0131r ve korozyon \u00f6nleyici<\/div><div class=\"fusion-clearfix\"><\/div><a class=\"button fusion-button button-default fusion-button-medium button-medium button-flat fusion-mobile-button continue-right\" style=\"-webkit-box-shadow:none;-moz-box-shadow:none;box-shadow:none;border-radius:0px 0px 0px 0px\" href=\"https:\/\/www.ertekchemicals.com\/sp-ks-001-ek-1-kazan-suyu-bakim-kimyasali\/\" target=\"_blank\" rel=\"noopener noreferrer\"><span>\u0130NCELE<\/span><\/a><\/div><\/div><div class=\"fusion-reading-box-container reading-box-container-7 pdfurunlist\" style=\"--awb-title-color:#333333;--awb-margin-top:0px;--awb-margin-bottom:84px;\"><div class=\"reading-box\" style=\"background-color:#f6f6f6;border-width:1px;border-color:#f6f6f6;border-bottom-width:3px;border-bottom-color:var(--primary_color);border-style:solid;\"><a class=\"button fusion-button button-default fusion-button-medium button-medium button-flat fusion-desktop-button fusion-tagline-button continue fusion-desktop-button-margin continue-right\" style=\"-webkit-box-shadow:none;-moz-box-shadow:none;box-shadow:none;border-radius:0px 0px 0px 0px\" href=\"https:\/\/www.ertekchemicals.com\/sp-ks-010-ek-1p-kazan-suyu-bakim-kimyasali\/\" target=\"_blank\" rel=\"noopener noreferrer\"><span>\u0130NCELE<\/span><\/a><h2>EK -1P (KAZAN SUYU BAKIM K\u0130MYASALI) <\/h2><div class=\"reading-box-description fusion-reading-box-additional\">Buhar ve kaynar su sistemlerinde k\u0131\u015f\u0131r ve korozyon \u00f6nleyici<\/div><div class=\"fusion-clearfix\"><\/div><a class=\"button fusion-button button-default fusion-button-medium button-medium button-flat fusion-mobile-button continue-right\" style=\"-webkit-box-shadow:none;-moz-box-shadow:none;box-shadow:none;border-radius:0px 0px 0px 0px\" href=\"https:\/\/www.ertekchemicals.com\/sp-ks-010-ek-1p-kazan-suyu-bakim-kimyasali\/\" target=\"_blank\" rel=\"noopener noreferrer\"><span>\u0130NCELE<\/span><\/a><\/div><\/div><div class=\"fusion-reading-box-container reading-box-container-8 pdfurunlist\" style=\"--awb-title-color:#333333;--awb-margin-top:0px;--awb-margin-bottom:84px;\"><div class=\"reading-box\" style=\"background-color:#f6f6f6;border-width:1px;border-color:#f6f6f6;border-bottom-width:3px;border-bottom-color:var(--primary_color);border-style:solid;\"><a class=\"button fusion-button button-default fusion-button-medium button-medium button-flat fusion-desktop-button fusion-tagline-button continue fusion-desktop-button-margin continue-right\" style=\"-webkit-box-shadow:none;-moz-box-shadow:none;box-shadow:none;border-radius:0px 0px 0px 0px\" href=\"https:\/\/www.ertekchemicals.com\/sp-ks-177-ek-4-kazan-suyu-bakim-kimyasali\/\" target=\"_blank\" rel=\"noopener noreferrer\"><span>\u0130NCELE<\/span><\/a><h2>EK -4 (KAZAN SUYU BAKIM K\u0130MYASALI)<\/h2><div class=\"reading-box-description fusion-reading-box-additional\">Buhar ve kaynar su sistemlerinde k\u0131\u015f\u0131r ve korozyon \u00e7\u00f6z\u00fcc\u00fc katk\u0131 maddesi<\/div><div class=\"fusion-clearfix\"><\/div><a class=\"button fusion-button button-default fusion-button-medium button-medium button-flat fusion-mobile-button continue-right\" style=\"-webkit-box-shadow:none;-moz-box-shadow:none;box-shadow:none;border-radius:0px 0px 0px 0px\" href=\"https:\/\/www.ertekchemicals.com\/sp-ks-177-ek-4-kazan-suyu-bakim-kimyasali\/\" target=\"_blank\" rel=\"noopener noreferrer\"><span>\u0130NCELE<\/span><\/a><\/div><\/div><div class=\"fusion-reading-box-container reading-box-container-9 pdfurunlist\" style=\"--awb-title-color:#333333;--awb-margin-top:0px;--awb-margin-bottom:84px;\"><div class=\"reading-box\" style=\"background-color:#f6f6f6;border-width:1px;border-color:#f6f6f6;border-bottom-width:3px;border-bottom-color:var(--primary_color);border-style:solid;\"><a class=\"button fusion-button button-default fusion-button-medium button-medium button-flat fusion-desktop-button fusion-tagline-button continue fusion-desktop-button-margin continue-right\" style=\"-webkit-box-shadow:none;-moz-box-shadow:none;box-shadow:none;border-radius:0px 0px 0px 0px\" href=\"https:\/\/www.ertekchemicals.com\/sp-ks-007-ek-5-wh-kazan-suyu-bakim-kimyasali\/\" target=\"_blank\" rel=\"noopener noreferrer\"><span>\u0130NCELE<\/span><\/a><h2>EK -5 WH (KAZAN SUYU BAKIM K\u0130MYASALI) <\/h2><div class=\"reading-box-description fusion-reading-box-additional\">Buhar kazan\u0131, buhar hatlar\u0131 ve kaynar su sistemlerinde k\u0131\u015f\u0131r ve korozyon \u00f6nleyici katk\u0131 maddesi. Hem kazan hem de kondens hatt\u0131n\u0131 koruyan tek ila\u00e7t\u0131r<\/div><div class=\"fusion-clearfix\"><\/div><a class=\"button fusion-button button-default fusion-button-medium button-medium button-flat fusion-mobile-button continue-right\" style=\"-webkit-box-shadow:none;-moz-box-shadow:none;box-shadow:none;border-radius:0px 0px 0px 0px\" href=\"https:\/\/www.ertekchemicals.com\/sp-ks-007-ek-5-wh-kazan-suyu-bakim-kimyasali\/\" target=\"_blank\" rel=\"noopener noreferrer\"><span>\u0130NCELE<\/span><\/a><\/div><\/div><div class=\"fusion-reading-box-container reading-box-container-10 pdfurunlist\" style=\"--awb-title-color:#333333;--awb-margin-top:0px;--awb-margin-bottom:84px;\"><div class=\"reading-box\" style=\"background-color:#f6f6f6;border-width:1px;border-color:#f6f6f6;border-bottom-width:3px;border-bottom-color:var(--primary_color);border-style:solid;\"><a class=\"button fusion-button button-default fusion-button-medium button-medium button-flat fusion-desktop-button fusion-tagline-button continue fusion-desktop-button-margin continue-right\" style=\"-webkit-box-shadow:none;-moz-box-shadow:none;box-shadow:none;border-radius:0px 0px 0px 0px\" href=\"https:\/\/www.ertekchemicals.com\/sp-ks-006-ek-5-kazan-suyu-bakim-kimyasali\/\" target=\"_blank\" rel=\"noopener noreferrer\"><span>\u0130NCELE<\/span><\/a><h2>EK -5 (KAZAN SUYU BAKIM K\u0130MYASALI)<\/h2><div class=\"reading-box-description fusion-reading-box-additional\">Buhar kazan\u0131, buhar hatlar\u0131 ve kaynar su sistemlerinde k\u0131\u015f\u0131r ve korozyon \u00f6nleyici katk\u0131 maddesi. Hem kazan hem de kondens hatt\u0131n\u0131 koruyan tek ila\u00e7t\u0131r<\/div><div class=\"fusion-clearfix\"><\/div><a class=\"button fusion-button button-default fusion-button-medium button-medium button-flat fusion-mobile-button continue-right\" style=\"-webkit-box-shadow:none;-moz-box-shadow:none;box-shadow:none;border-radius:0px 0px 0px 0px\" href=\"https:\/\/www.ertekchemicals.com\/sp-ks-006-ek-5-kazan-suyu-bakim-kimyasali\/\" target=\"_blank\" rel=\"noopener noreferrer\"><span>\u0130NCELE<\/span><\/a><\/div><\/div><div class=\"fusion-reading-box-container reading-box-container-11 pdfurunlist\" style=\"--awb-title-color:#333333;--awb-margin-top:0px;--awb-margin-bottom:84px;\"><div class=\"reading-box\" style=\"background-color:#f6f6f6;border-width:1px;border-color:#f6f6f6;border-bottom-width:3px;border-bottom-color:var(--primary_color);border-style:solid;\"><a class=\"button fusion-button button-default fusion-button-medium button-medium button-flat fusion-desktop-button fusion-tagline-button continue fusion-desktop-button-margin continue-right\" style=\"-webkit-box-shadow:none;-moz-box-shadow:none;box-shadow:none;border-radius:0px 0px 0px 0px\" href=\"https:\/\/www.ertekchemicals.com\/sp-ks-003-eray-alkalinity-control\/\" target=\"_blank\" rel=\"noopener noreferrer\"><span>\u0130NCELE<\/span><\/a><h2>ERAY (ALKALINITY CONTROL) <\/h2><div class=\"reading-box-description fusion-reading-box-additional\">Kazan suyu pH, alkalinite ayarlay\u0131c\u0131<\/div><div class=\"fusion-clearfix\"><\/div><a class=\"button fusion-button button-default fusion-button-medium button-medium button-flat fusion-mobile-button continue-right\" style=\"-webkit-box-shadow:none;-moz-box-shadow:none;box-shadow:none;border-radius:0px 0px 0px 0px\" href=\"https:\/\/www.ertekchemicals.com\/sp-ks-003-eray-alkalinity-control\/\" target=\"_blank\" rel=\"noopener noreferrer\"><span>\u0130NCELE<\/span><\/a><\/div><\/div><div class=\"fusion-reading-box-container reading-box-container-12 pdfurunlist\" style=\"--awb-title-color:#333333;--awb-margin-top:0px;--awb-margin-bottom:84px;\"><div class=\"reading-box\" style=\"background-color:#f6f6f6;border-width:1px;border-color:#f6f6f6;border-bottom-width:3px;border-bottom-color:var(--primary_color);border-style:solid;\"><a class=\"button fusion-button button-default fusion-button-medium button-medium button-flat fusion-desktop-button fusion-tagline-button continue fusion-desktop-button-margin continue-right\" style=\"-webkit-box-shadow:none;-moz-box-shadow:none;box-shadow:none;border-radius:0px 0px 0px 0px\" href=\"https:\/\/www.ertekchemicals.com\/sp-ks-008-erfos-3-hardess-control\/\" target=\"_blank\" rel=\"noopener noreferrer\"><span>\u0130NCELE<\/span><\/a><h2>ERFOS-3 (HARDESS CONTROL) <\/h2><div class=\"reading-box-description fusion-reading-box-additional\">Buhar ve kaynar su kazanlar\u0131nda kire\u00e7 olu\u015fumunu \u00f6nleyici katk\u0131 maddesi<\/div><div class=\"fusion-clearfix\"><\/div><a class=\"button fusion-button button-default fusion-button-medium button-medium button-flat fusion-mobile-button continue-right\" style=\"-webkit-box-shadow:none;-moz-box-shadow:none;box-shadow:none;border-radius:0px 0px 0px 0px\" href=\"https:\/\/www.ertekchemicals.com\/sp-ks-008-erfos-3-hardess-control\/\" target=\"_blank\" rel=\"noopener noreferrer\"><span>\u0130NCELE<\/span><\/a><\/div><\/div><div class=\"fusion-clearfix\"><\/div><\/div><\/div><\/div><\/div>\n","protected":false},"excerpt":{"rendered":"","protected":false},"author":1,"featured_media":0,"parent":1362,"menu_order":0,"comment_status":"closed","ping_status":"closed","template":"","meta":{"_acf_changed":false,"footnotes":""},"class_list":["post-1311","page","type-page","status-publish","hentry"],"acf":[],"_links":{"self":[{"href":"https:\/\/www.ertekchemicals.com\/tr\/wp-json\/wp\/v2\/pages\/1311","targetHints":{"allow":["GET"]}}],"collection":[{"href":"https:\/\/www.ertekchemicals.com\/tr\/wp-json\/wp\/v2\/pages"}],"about":[{"href":"https:\/\/www.ertekchemicals.com\/tr\/wp-json\/wp\/v2\/types\/page"}],"author":[{"embeddable":true,"href":"https:\/\/www.ertekchemicals.com\/tr\/wp-json\/wp\/v2\/users\/1"}],"replies":[{"embeddable":true,"href":"https:\/\/www.ertekchemicals.com\/tr\/wp-json\/wp\/v2\/comments?post=1311"}],"version-history":[{"count":0,"href":"https:\/\/www.ertekchemicals.com\/tr\/wp-json\/wp\/v2\/pages\/1311\/revisions"}],"up":[{"embeddable":true,"href":"https:\/\/www.ertekchemicals.com\/tr\/wp-json\/wp\/v2\/pages\/1362"}],"wp:attachment":[{"href":"https:\/\/www.ertekchemicals.com\/tr\/wp-json\/wp\/v2\/media?parent=1311"}],"curies":[{"name":"wp","href":"https:\/\/api.w.org\/{rel}","templated":true}]}}