{"id":1353,"date":"2017-11-29T16:08:11","date_gmt":"2017-11-29T16:08:11","guid":{"rendered":"https:\/\/www.ertekchemicals.com\/?page_id=1353"},"modified":"2026-03-02T16:00:04","modified_gmt":"2026-03-02T13:00:04","slug":"denizcilik-kimyasallari","status":"publish","type":"page","link":"https:\/\/www.ertekchemicals.com\/tr\/urunlerimiz\/denizcilik-kimyasallari\/","title":{"rendered":"Denizcilik Kimyasallar\u0131"},"content":{"rendered":"<div class=\"fusion-fullwidth fullwidth-box fusion-builder-row-1 nonhundred-percent-fullwidth non-hundred-percent-height-scrolling\" style=\"--awb-border-radius-top-left:0px;--awb-border-radius-top-right:0px;--awb-border-radius-bottom-right:0px;--awb-border-radius-bottom-left:0px;--awb-flex-wrap:wrap;\" ><div class=\"fusion-builder-row fusion-row\"><div class=\"fusion-layout-column fusion_builder_column fusion-builder-column-0 fusion_builder_column_1_1 1_1 fusion-one-full fusion-column-first fusion-column-last urunpdflist\" style=\"--awb-bg-size:cover;\"><div class=\"fusion-column-wrapper fusion-flex-column-wrapper-legacy\"><div class=\"fusion-reading-box-container reading-box-container-1 pdfurunlist\" style=\"--awb-title-color:#333333;--awb-margin-top:0px;--awb-margin-bottom:84px;\"><div class=\"reading-box\" style=\"background-color:#f6f6f6;border-width:1px;border-color:#f6f6f6;border-bottom-width:3px;border-bottom-color:var(--primary_color);border-style:solid;\"><a class=\"button fusion-button button-default fusion-button-medium button-medium button-flat fusion-desktop-button fusion-tagline-button continue fusion-desktop-button-margin continue-right\" style=\"-webkit-box-shadow:none;-moz-box-shadow:none;box-shadow:none;border-radius:25px 25px 25px 25px\" href=\"https:\/\/www.ertekchemicals.com\/sp-ks-019-eryak-200-akaryakit-katki-maddesi\/\" target=\"_blank\" rel=\"noopener noreferrer\"><span>\u0130NCELE<\/span><\/a><h2>ERYAK 200 (AKARYAKIT KATKI MADDES\u0130)<\/h2><div class=\"reading-box-description fusion-reading-box-additional\">Akaryak\u0131t i\u00e7ersine kat\u0131larak kullan\u0131l\u0131r<\/div><div class=\"fusion-clearfix\"><\/div><a class=\"button fusion-button button-default fusion-button-medium button-medium button-flat fusion-mobile-button continue-right\" style=\"-webkit-box-shadow:none;-moz-box-shadow:none;box-shadow:none;border-radius:25px 25px 25px 25px\" href=\"https:\/\/www.ertekchemicals.com\/sp-ks-019-eryak-200-akaryakit-katki-maddesi\/\" target=\"_blank\" rel=\"noopener noreferrer\"><span>\u0130NCELE<\/span><\/a><\/div><\/div><div class=\"fusion-reading-box-container reading-box-container-2 pdfurunlist\" style=\"--awb-title-color:#333333;--awb-margin-top:0px;--awb-margin-bottom:84px;\"><div class=\"reading-box\" style=\"background-color:#f6f6f6;border-width:1px;border-color:#f6f6f6;border-bottom-width:3px;border-bottom-color:var(--primary_color);border-style:solid;\"><a class=\"button fusion-button button-default fusion-button-medium button-medium button-flat fusion-desktop-button fusion-tagline-button continue fusion-desktop-button-margin continue-right\" style=\"-webkit-box-shadow:none;-moz-box-shadow:none;box-shadow:none;border-radius:25px 25px 25px 25px\" href=\"https:\/\/www.ertekchemicals.com\/sp-ks-020-eryak-210-fot-purpose-plus\/\" target=\"_blank\" rel=\"noopener noreferrer\"><span>\u0130NCELE<\/span><\/a><h2>ERYAK 210 (COMBUSTION IMPROVER)<\/h2><div class=\"reading-box-description fusion-reading-box-additional\">Akaryak\u0131t i\u00e7ersine kat\u0131larak kullan\u0131l\u0131r<\/div><div class=\"fusion-clearfix\"><\/div><a class=\"button fusion-button button-default fusion-button-medium button-medium button-flat fusion-mobile-button continue-right\" style=\"-webkit-box-shadow:none;-moz-box-shadow:none;box-shadow:none;border-radius:25px 25px 25px 25px\" href=\"https:\/\/www.ertekchemicals.com\/sp-ks-020-eryak-210-fot-purpose-plus\/\" target=\"_blank\" rel=\"noopener noreferrer\"><span>\u0130NCELE<\/span><\/a><\/div><\/div><div class=\"fusion-reading-box-container reading-box-container-3 pdfurunlist\" style=\"--awb-title-color:#333333;--awb-margin-top:0px;--awb-margin-bottom:84px;\"><div class=\"reading-box\" style=\"background-color:#f6f6f6;border-width:1px;border-color:#f6f6f6;border-bottom-width:3px;border-bottom-color:var(--primary_color);border-style:solid;\"><a class=\"button fusion-button button-default fusion-button-medium button-medium button-flat fusion-desktop-button fusion-tagline-button continue fusion-desktop-button-margin continue-right\" style=\"-webkit-box-shadow:none;-moz-box-shadow:none;box-shadow:none;border-radius:25px 25px 25px 25px\" href=\"https:\/\/www.ertekchemicals.com\/sp-ks-021-eryak-220-vanadium-condition\/\" target=\"_blank\" rel=\"noopener noreferrer\"><span>\u0130NCELE<\/span><\/a><h2>ERYAK 220 (VANADYUM KONTROL)<\/h2><div class=\"reading-box-description fusion-reading-box-additional\">Akaryak\u0131t i\u00e7ersine kat\u0131larak kullan\u0131l\u0131r<\/div><div class=\"fusion-clearfix\"><\/div><a class=\"button fusion-button button-default fusion-button-medium button-medium button-flat fusion-mobile-button continue-right\" style=\"-webkit-box-shadow:none;-moz-box-shadow:none;box-shadow:none;border-radius:25px 25px 25px 25px\" href=\"https:\/\/www.ertekchemicals.com\/sp-ks-021-eryak-220-vanadium-condition\/\" target=\"_blank\" rel=\"noopener noreferrer\"><span>\u0130NCELE<\/span><\/a><\/div><\/div><div class=\"fusion-reading-box-container reading-box-container-4 pdfurunlist\" style=\"--awb-title-color:#333333;--awb-margin-top:0px;--awb-margin-bottom:84px;\"><div class=\"reading-box\" style=\"background-color:#f6f6f6;border-width:1px;border-color:#f6f6f6;border-bottom-width:3px;border-bottom-color:var(--primary_color);border-style:solid;\"><a class=\"button fusion-button button-default fusion-button-medium button-medium button-flat fusion-desktop-button fusion-tagline-button continue fusion-desktop-button-margin continue-right\" style=\"-webkit-box-shadow:none;-moz-box-shadow:none;box-shadow:none;border-radius:25px 25px 25px 25px\" href=\"https:\/\/www.ertekchemicals.com\/sp-ks-023-eryak-280-biologic-control\/\" target=\"_blank\" rel=\"noopener noreferrer\"><span>\u0130NCELE<\/span><\/a><h2>ERYAK 280 (B\u0130YOLOJ\u0130K KONTROL)<\/h2><div class=\"reading-box-description fusion-reading-box-additional\">Akaryak\u0131t i\u00e7ersine kat\u0131larak kullan\u0131l\u0131r<\/div><div class=\"fusion-clearfix\"><\/div><a class=\"button fusion-button button-default fusion-button-medium button-medium button-flat fusion-mobile-button continue-right\" style=\"-webkit-box-shadow:none;-moz-box-shadow:none;box-shadow:none;border-radius:25px 25px 25px 25px\" href=\"https:\/\/www.ertekchemicals.com\/sp-ks-023-eryak-280-biologic-control\/\" target=\"_blank\" rel=\"noopener noreferrer\"><span>\u0130NCELE<\/span><\/a><\/div><\/div><div class=\"fusion-reading-box-container reading-box-container-5 pdfurunlist\" style=\"--awb-title-color:#333333;--awb-margin-top:0px;--awb-margin-bottom:84px;\"><div class=\"reading-box\" style=\"background-color:#f6f6f6;border-width:1px;border-color:#f6f6f6;border-bottom-width:3px;border-bottom-color:var(--primary_color);border-style:solid;\"><a class=\"button fusion-button button-default fusion-button-medium button-medium button-flat fusion-desktop-button fusion-tagline-button continue fusion-desktop-button-margin continue-right\" style=\"-webkit-box-shadow:none;-moz-box-shadow:none;box-shadow:none;border-radius:25px 25px 25px 25px\" href=\"https:\/\/www.ertekchemicals.com\/sp-ks-0105-eryak-300-akaryakit-katkisi\/\" target=\"_blank\" rel=\"noopener noreferrer\"><span>\u0130NCELE<\/span><\/a><h2>ERYAK 300 (EMULSION BREAKER)<\/h2><div class=\"reading-box-description fusion-reading-box-additional\">A\u011f\u0131r fuel oil i\u00e7in akaryak\u0131t katk\u0131s\u0131<\/div><div class=\"fusion-clearfix\"><\/div><a class=\"button fusion-button button-default fusion-button-medium button-medium button-flat fusion-mobile-button continue-right\" style=\"-webkit-box-shadow:none;-moz-box-shadow:none;box-shadow:none;border-radius:25px 25px 25px 25px\" href=\"https:\/\/www.ertekchemicals.com\/sp-ks-0105-eryak-300-akaryakit-katkisi\/\" target=\"_blank\" rel=\"noopener noreferrer\"><span>\u0130NCELE<\/span><\/a><\/div><\/div><div class=\"fusion-reading-box-container reading-box-container-6 pdfurunlist\" style=\"--awb-title-color:#333333;--awb-margin-top:0px;--awb-margin-bottom:84px;\"><div class=\"reading-box\" style=\"background-color:#f6f6f6;border-width:1px;border-color:#f6f6f6;border-bottom-width:3px;border-bottom-color:var(--primary_color);border-style:solid;\"><a class=\"button fusion-button button-default fusion-button-medium button-medium button-flat fusion-desktop-button fusion-tagline-button continue fusion-desktop-button-margin continue-right\" style=\"-webkit-box-shadow:none;-moz-box-shadow:none;box-shadow:none;border-radius:25px 25px 25px 25px\" href=\"https:\/\/www.ertekchemicals.com\/sp-ks-253-eryak-500-akaryakit-katki-maddesi\/\" target=\"_blank\" rel=\"noopener noreferrer\"><span>\u0130NCELE<\/span><\/a><h2>ERYAK 500 (AKARYAKIT KATKI MADDES\u0130) <\/h2><div class=\"reading-box-description fusion-reading-box-additional\">Akaryak\u0131t i\u00e7ersine kat\u0131larak kullan\u0131l\u0131r<\/div><div class=\"fusion-clearfix\"><\/div><a class=\"button fusion-button button-default fusion-button-medium button-medium button-flat fusion-mobile-button continue-right\" style=\"-webkit-box-shadow:none;-moz-box-shadow:none;box-shadow:none;border-radius:25px 25px 25px 25px\" href=\"https:\/\/www.ertekchemicals.com\/sp-ks-253-eryak-500-akaryakit-katki-maddesi\/\" target=\"_blank\" rel=\"noopener noreferrer\"><span>\u0130NCELE<\/span><\/a><\/div><\/div><div class=\"fusion-reading-box-container reading-box-container-7 pdfurunlist\" style=\"--awb-title-color:#333333;--awb-margin-top:0px;--awb-margin-bottom:84px;\"><div class=\"reading-box\" style=\"background-color:#f6f6f6;border-width:1px;border-color:#f6f6f6;border-bottom-width:3px;border-bottom-color:var(--primary_color);border-style:solid;\"><a class=\"button fusion-button button-default fusion-button-medium button-medium button-flat fusion-desktop-button fusion-tagline-button continue fusion-desktop-button-margin continue-right\" style=\"-webkit-box-shadow:none;-moz-box-shadow:none;box-shadow:none;border-radius:25px 25px 25px 25px\" href=\"https:\/\/www.ertekchemicals.com\/sp-ks-022-eryak-ls-extra-lubricity-improver\/\" target=\"_blank\" rel=\"noopener noreferrer\"><span>\u0130NCELE<\/span><\/a><h2>ERYAK LS EXTRA ( LUBRICITY IMPROVER )<\/h2><div class=\"reading-box-description fusion-reading-box-additional\">Akaryak\u0131t i\u00e7ersine kat\u0131larak kullan\u0131l\u0131r<\/div><div class=\"fusion-clearfix\"><\/div><a class=\"button fusion-button button-default fusion-button-medium button-medium button-flat fusion-mobile-button continue-right\" style=\"-webkit-box-shadow:none;-moz-box-shadow:none;box-shadow:none;border-radius:25px 25px 25px 25px\" href=\"https:\/\/www.ertekchemicals.com\/sp-ks-022-eryak-ls-extra-lubricity-improver\/\" target=\"_blank\" rel=\"noopener noreferrer\"><span>\u0130NCELE<\/span><\/a><\/div><\/div><div class=\"fusion-reading-box-container reading-box-container-8 pdfurunlist\" style=\"--awb-title-color:#333333;--awb-margin-top:0px;--awb-margin-bottom:84px;\"><div class=\"reading-box\" style=\"background-color:#f6f6f6;border-width:1px;border-color:#f6f6f6;border-bottom-width:3px;border-bottom-color:var(--primary_color);border-style:solid;\"><a class=\"button fusion-button button-default fusion-button-medium button-medium button-flat fusion-desktop-button fusion-tagline-button continue fusion-desktop-button-margin continue-right\" style=\"-webkit-box-shadow:none;-moz-box-shadow:none;box-shadow:none;border-radius:25px 25px 25px 25px\" href=\"https:\/\/www.ertekchemicals.com\/sp-ks-025-kurum-temizleyici-sivi\/\" target=\"_blank\" rel=\"noopener noreferrer\"><span>\u0130NCELE<\/span><\/a><h2>KURUM TEM\u0130ZLEY\u0130C\u0130 (SIVI)<\/h2><div class=\"reading-box-description fusion-reading-box-additional\">Buhar kazanlar\u0131, Dizel motoru egzoz sistemleri<\/div><div class=\"fusion-clearfix\"><\/div><a class=\"button fusion-button button-default fusion-button-medium button-medium button-flat fusion-mobile-button continue-right\" style=\"-webkit-box-shadow:none;-moz-box-shadow:none;box-shadow:none;border-radius:25px 25px 25px 25px\" href=\"https:\/\/www.ertekchemicals.com\/sp-ks-025-kurum-temizleyici-sivi\/\" target=\"_blank\" rel=\"noopener noreferrer\"><span>\u0130NCELE<\/span><\/a><\/div><\/div><div class=\"fusion-reading-box-container reading-box-container-9 pdfurunlist\" style=\"--awb-title-color:#333333;--awb-margin-top:0px;--awb-margin-bottom:84px;\"><div class=\"reading-box\" style=\"background-color:#f6f6f6;border-width:1px;border-color:#f6f6f6;border-bottom-width:3px;border-bottom-color:var(--primary_color);border-style:solid;\"><a class=\"button fusion-button button-default fusion-button-medium button-medium button-flat fusion-desktop-button fusion-tagline-button continue fusion-desktop-button-margin continue-right\" style=\"-webkit-box-shadow:none;-moz-box-shadow:none;box-shadow:none;border-radius:25px 25px 25px 25px\" href=\"https:\/\/www.ertekchemicals.com\/sp-ks-024-kurum-temizleyici-toz\/\" target=\"_blank\" rel=\"noopener noreferrer\"><span>\u0130NCELE<\/span><\/a><h2>KURUM TEM\u0130ZLEY\u0130C\u0130 (TOZ)<\/h2><div class=\"reading-box-description fusion-reading-box-additional\">Buhar kazanlar\u0131, Egzoz sistemleri<\/div><div class=\"fusion-clearfix\"><\/div><a class=\"button fusion-button button-default fusion-button-medium button-medium button-flat fusion-mobile-button continue-right\" style=\"-webkit-box-shadow:none;-moz-box-shadow:none;box-shadow:none;border-radius:25px 25px 25px 25px\" href=\"https:\/\/www.ertekchemicals.com\/sp-ks-024-kurum-temizleyici-toz\/\" target=\"_blank\" rel=\"noopener noreferrer\"><span>\u0130NCELE<\/span><\/a><\/div><\/div><div class=\"fusion-clearfix\"><\/div><\/div><\/div><\/div><\/div>\n","protected":false},"excerpt":{"rendered":"","protected":false},"author":1,"featured_media":0,"parent":1133,"menu_order":0,"comment_status":"closed","ping_status":"closed","template":"","meta":{"_acf_changed":false,"footnotes":""},"class_list":["post-1353","page","type-page","status-publish","hentry"],"acf":[],"_links":{"self":[{"href":"https:\/\/www.ertekchemicals.com\/tr\/wp-json\/wp\/v2\/pages\/1353","targetHints":{"allow":["GET"]}}],"collection":[{"href":"https:\/\/www.ertekchemicals.com\/tr\/wp-json\/wp\/v2\/pages"}],"about":[{"href":"https:\/\/www.ertekchemicals.com\/tr\/wp-json\/wp\/v2\/types\/page"}],"author":[{"embeddable":true,"href":"https:\/\/www.ertekchemicals.com\/tr\/wp-json\/wp\/v2\/users\/1"}],"replies":[{"embeddable":true,"href":"https:\/\/www.ertekchemicals.com\/tr\/wp-json\/wp\/v2\/comments?post=1353"}],"version-history":[{"count":2,"href":"https:\/\/www.ertekchemicals.com\/tr\/wp-json\/wp\/v2\/pages\/1353\/revisions"}],"predecessor-version":[{"id":5485,"href":"https:\/\/www.ertekchemicals.com\/tr\/wp-json\/wp\/v2\/pages\/1353\/revisions\/5485"}],"up":[{"embeddable":true,"href":"https:\/\/www.ertekchemicals.com\/tr\/wp-json\/wp\/v2\/pages\/1133"}],"wp:attachment":[{"href":"https:\/\/www.ertekchemicals.com\/tr\/wp-json\/wp\/v2\/media?parent=1353"}],"curies":[{"name":"wp","href":"https:\/\/api.w.org\/{rel}","templated":true}]}}