{"id":1385,"date":"2017-11-30T11:11:40","date_gmt":"2017-11-30T11:11:40","guid":{"rendered":"https:\/\/www.ertekchemicals.com\/?page_id=1385"},"modified":"2018-01-02T13:01:26","modified_gmt":"2018-01-02T13:01:26","slug":"osmoz-suyu-kimyasallari-antiscalantlar","status":"publish","type":"page","link":"https:\/\/www.ertekchemicals.com\/tr\/urunlerimiz\/sanayi-kimyasallari\/osmoz-suyu-kimyasallari-antiscalantlar\/","title":{"rendered":"Osmoz Suyu Kimyasallar\u0131 \u2013 Antiscalantlar"},"content":{"rendered":"<div class=\"fusion-fullwidth fullwidth-box fusion-builder-row-1 nonhundred-percent-fullwidth non-hundred-percent-height-scrolling\" style=\"--awb-border-radius-top-left:0px;--awb-border-radius-top-right:0px;--awb-border-radius-bottom-right:0px;--awb-border-radius-bottom-left:0px;--awb-flex-wrap:wrap;\" ><div class=\"fusion-builder-row fusion-row\"><div class=\"fusion-layout-column fusion_builder_column fusion-builder-column-0 fusion_builder_column_1_1 1_1 fusion-one-full fusion-column-first fusion-column-last urunpdflist\" style=\"--awb-bg-size:cover;\"><div class=\"fusion-column-wrapper fusion-flex-column-wrapper-legacy\"><div class=\"fusion-reading-box-container reading-box-container-1 pdfurunlist\" style=\"--awb-title-color:#333333;--awb-margin-top:0px;--awb-margin-bottom:84px;\"><div class=\"reading-box\" style=\"background-color:#f6f6f6;border-width:1px;border-color:#f6f6f6;border-bottom-width:3px;border-bottom-color:var(--primary_color);border-style:solid;\"><a class=\"button fusion-button button-default fusion-button-medium button-medium button-flat fusion-desktop-button fusion-tagline-button continue fusion-desktop-button-margin continue-right\" style=\"-webkit-box-shadow:none;-moz-box-shadow:none;box-shadow:none;border-radius:0px 0px 0px 0px\" href=\"https:\/\/www.ertekchemicals.com\/sp-ks-182-erbrane-antiscalant-for-reverse-osmosis-systems\/\" target=\"_blank\" rel=\"noopener noreferrer\"><span>\u0130NCELE<\/span><\/a><h2>ERBRANE (ANTISCALANT FOR REVERSE OSMOSIS SYSTEMS)<\/h2><div class=\"reading-box-description fusion-reading-box-additional\">Osmoz sistemlerde depozit, k\u0131\u015f\u0131r \u00f6nleyici katk\u0131 maddesi<\/div><div class=\"fusion-clearfix\"><\/div><a class=\"button fusion-button button-default fusion-button-medium button-medium button-flat fusion-mobile-button continue-right\" style=\"-webkit-box-shadow:none;-moz-box-shadow:none;box-shadow:none;border-radius:0px 0px 0px 0px\" href=\"https:\/\/www.ertekchemicals.com\/sp-ks-182-erbrane-antiscalant-for-reverse-osmosis-systems\/\" target=\"_blank\" rel=\"noopener noreferrer\"><span>\u0130NCELE<\/span><\/a><\/div><\/div><div class=\"fusion-reading-box-container reading-box-container-2 pdfurunlist\" style=\"--awb-title-color:#333333;--awb-margin-top:0px;--awb-margin-bottom:84px;\"><div class=\"reading-box\" style=\"background-color:#f6f6f6;border-width:1px;border-color:#f6f6f6;border-bottom-width:3px;border-bottom-color:var(--primary_color);border-style:solid;\"><a class=\"button fusion-button button-default fusion-button-medium button-medium button-flat fusion-desktop-button fusion-tagline-button continue fusion-desktop-button-margin continue-right\" style=\"-webkit-box-shadow:none;-moz-box-shadow:none;box-shadow:none;border-radius:0px 0px 0px 0px\" href=\"https:\/\/www.ertekchemicals.com\/sp-ks-185-erbrane-acf-antiscalant-for-reverse-osmosis-systems\/\" target=\"_blank\" rel=\"noopener noreferrer\"><span>\u0130NCELE<\/span><\/a><h2>ERBRANE-ACF (ANTISCALANT FOR REVERSE OSMOSIS SYSTEMS)<\/h2><div class=\"reading-box-description fusion-reading-box-additional\">Osmoz sistemlerde asit bazl\u0131 temizleyici<\/div><div class=\"fusion-clearfix\"><\/div><a class=\"button fusion-button button-default fusion-button-medium button-medium button-flat fusion-mobile-button continue-right\" style=\"-webkit-box-shadow:none;-moz-box-shadow:none;box-shadow:none;border-radius:0px 0px 0px 0px\" href=\"https:\/\/www.ertekchemicals.com\/sp-ks-185-erbrane-acf-antiscalant-for-reverse-osmosis-systems\/\" target=\"_blank\" rel=\"noopener noreferrer\"><span>\u0130NCELE<\/span><\/a><\/div><\/div><div class=\"fusion-reading-box-container reading-box-container-3 pdfurunlist\" style=\"--awb-title-color:#333333;--awb-margin-top:0px;--awb-margin-bottom:84px;\"><div class=\"reading-box\" style=\"background-color:#f6f6f6;border-width:1px;border-color:#f6f6f6;border-bottom-width:3px;border-bottom-color:var(--primary_color);border-style:solid;\"><a class=\"button fusion-button button-default fusion-button-medium button-medium button-flat fusion-desktop-button fusion-tagline-button continue fusion-desktop-button-margin continue-right\" style=\"-webkit-box-shadow:none;-moz-box-shadow:none;box-shadow:none;border-radius:0px 0px 0px 0px\" href=\"https:\/\/www.ertekchemicals.com\/sp-ks-186-erbrane-bc-antiscalant-for-reverse-osmosis-systems\/\" target=\"_blank\" rel=\"noopener noreferrer\"><span>\u0130NCELE<\/span><\/a><h2>ERBRANE-BC (ANTISCALANT FOR REVERSE OSMOSIS SYSTEMS)<\/h2><div class=\"reading-box-description fusion-reading-box-additional\">Osmoz sistemlerde bazik bazl\u0131 temizleyici<\/div><div class=\"fusion-clearfix\"><\/div><a class=\"button fusion-button button-default fusion-button-medium button-medium button-flat fusion-mobile-button continue-right\" style=\"-webkit-box-shadow:none;-moz-box-shadow:none;box-shadow:none;border-radius:0px 0px 0px 0px\" href=\"https:\/\/www.ertekchemicals.com\/sp-ks-186-erbrane-bc-antiscalant-for-reverse-osmosis-systems\/\" target=\"_blank\" rel=\"noopener noreferrer\"><span>\u0130NCELE<\/span><\/a><\/div><\/div><div class=\"fusion-reading-box-container reading-box-container-4 pdfurunlist\" style=\"--awb-title-color:#333333;--awb-margin-top:0px;--awb-margin-bottom:84px;\"><div class=\"reading-box\" style=\"background-color:#f6f6f6;border-width:1px;border-color:#f6f6f6;border-bottom-width:3px;border-bottom-color:var(--primary_color);border-style:solid;\"><a class=\"button fusion-button button-default fusion-button-medium button-medium button-flat fusion-desktop-button fusion-tagline-button continue fusion-desktop-button-margin continue-right\" style=\"-webkit-box-shadow:none;-moz-box-shadow:none;box-shadow:none;border-radius:0px 0px 0px 0px\" href=\"https:\/\/www.ertekchemicals.com\/sp-ks-187-erbrane-bio\/\" target=\"_blank\" rel=\"noopener noreferrer\"><span>\u0130NCELE<\/span><\/a><h2>ERBRANE-BIO<\/h2><div class=\"reading-box-description fusion-reading-box-additional\">Revers Osmoz sistemlerinde biyolojik temizlik yapan katk\u0131 maddesi<\/div><div class=\"fusion-clearfix\"><\/div><a class=\"button fusion-button button-default fusion-button-medium button-medium button-flat fusion-mobile-button continue-right\" style=\"-webkit-box-shadow:none;-moz-box-shadow:none;box-shadow:none;border-radius:0px 0px 0px 0px\" href=\"https:\/\/www.ertekchemicals.com\/sp-ks-187-erbrane-bio\/\" target=\"_blank\" rel=\"noopener noreferrer\"><span>\u0130NCELE<\/span><\/a><\/div><\/div><div class=\"fusion-reading-box-container reading-box-container-5 pdfurunlist\" style=\"--awb-title-color:#333333;--awb-margin-top:0px;--awb-margin-bottom:84px;\"><div class=\"reading-box\" style=\"background-color:#f6f6f6;border-width:1px;border-color:#f6f6f6;border-bottom-width:3px;border-bottom-color:var(--primary_color);border-style:solid;\"><a class=\"button fusion-button button-default fusion-button-medium button-medium button-flat fusion-desktop-button fusion-tagline-button continue fusion-desktop-button-margin continue-right\" style=\"-webkit-box-shadow:none;-moz-box-shadow:none;box-shadow:none;border-radius:0px 0px 0px 0px\" href=\"https:\/\/www.ertekchemicals.com\/sp-ks-188-erbrane-sc-antiscalant-for-reverse-osmosis-systems\/\" target=\"_blank\" rel=\"noopener noreferrer\"><span>\u0130NCELE<\/span><\/a><h2> ERBRANE-SC (ANTISCALANT FOR REVERSE OSMOSIS SYSTEMS) <\/h2><div class=\"reading-box-description fusion-reading-box-additional\">Osmoz sistemlerde depozit, k\u0131\u015f\u0131r \u00f6nleyici katk\u0131 maddesi<\/div><div class=\"fusion-clearfix\"><\/div><a class=\"button fusion-button button-default fusion-button-medium button-medium button-flat fusion-mobile-button continue-right\" style=\"-webkit-box-shadow:none;-moz-box-shadow:none;box-shadow:none;border-radius:0px 0px 0px 0px\" href=\"https:\/\/www.ertekchemicals.com\/sp-ks-188-erbrane-sc-antiscalant-for-reverse-osmosis-systems\/\" target=\"_blank\" rel=\"noopener noreferrer\"><span>\u0130NCELE<\/span><\/a><\/div><\/div><div class=\"fusion-reading-box-container reading-box-container-6 pdfurunlist\" style=\"--awb-title-color:#333333;--awb-margin-top:0px;--awb-margin-bottom:84px;\"><div class=\"reading-box\" style=\"background-color:#f6f6f6;border-width:1px;border-color:#f6f6f6;border-bottom-width:3px;border-bottom-color:var(--primary_color);border-style:solid;\"><a class=\"button fusion-button button-default fusion-button-medium button-medium button-flat fusion-desktop-button fusion-tagline-button continue fusion-desktop-button-margin continue-right\" style=\"-webkit-box-shadow:none;-moz-box-shadow:none;box-shadow:none;border-radius:0px 0px 0px 0px\" href=\"https:\/\/www.ertekchemicals.com\/sp-ks-184-erbrane-si-antiscalant-for-reverse-osmosis-systems\/\" target=\"_blank\" rel=\"noopener noreferrer\"><span>\u0130NCELE<\/span><\/a><h2>ERBRANE-SI (ANTISCALANT FOR REVERSE OSMOSIS SYSTEMS)<\/h2><div class=\"reading-box-description fusion-reading-box-additional\">Osmoz sistemlerde \u00f6zellikle silis i\u00e7eri\u011fi y\u00fcksek olan sularda depozit, k\u0131\u015f\u0131r <\/div><div class=\"fusion-clearfix\"><\/div><a class=\"button fusion-button button-default fusion-button-medium button-medium button-flat fusion-mobile-button continue-right\" style=\"-webkit-box-shadow:none;-moz-box-shadow:none;box-shadow:none;border-radius:0px 0px 0px 0px\" href=\"https:\/\/www.ertekchemicals.com\/sp-ks-184-erbrane-si-antiscalant-for-reverse-osmosis-systems\/\" target=\"_blank\" rel=\"noopener noreferrer\"><span>\u0130NCELE<\/span><\/a><\/div><\/div><div class=\"fusion-reading-box-container reading-box-container-7 pdfurunlist\" style=\"--awb-title-color:#333333;--awb-margin-top:0px;--awb-margin-bottom:84px;\"><div class=\"reading-box\" style=\"background-color:#f6f6f6;border-width:1px;border-color:#f6f6f6;border-bottom-width:3px;border-bottom-color:var(--primary_color);border-style:solid;\"><a class=\"button fusion-button button-default fusion-button-medium button-medium button-flat fusion-desktop-button fusion-tagline-button continue fusion-desktop-button-margin continue-right\" style=\"-webkit-box-shadow:none;-moz-box-shadow:none;box-shadow:none;border-radius:0px 0px 0px 0px\" href=\"https:\/\/www.ertekchemicals.com\/sp-ks-182-erbrane-sw-antiscalant-for-reverse-osmosis-systems\/\" target=\"_blank\" rel=\"noopener noreferrer\"><span>\u0130NCELE<\/span><\/a><h2>ERBRANE-SW (ANTISCALANT FOR REVERSE OSMOSIS SYSTEMS)<\/h2><div class=\"reading-box-description fusion-reading-box-additional\">Osmoz sistemlerde depozit, k\u0131\u015f\u0131r \u00f6nleyici katk\u0131 maddesi<\/div><div class=\"fusion-clearfix\"><\/div><a class=\"button fusion-button button-default fusion-button-medium button-medium button-flat fusion-mobile-button continue-right\" style=\"-webkit-box-shadow:none;-moz-box-shadow:none;box-shadow:none;border-radius:0px 0px 0px 0px\" href=\"https:\/\/www.ertekchemicals.com\/sp-ks-182-erbrane-sw-antiscalant-for-reverse-osmosis-systems\/\" target=\"_blank\" rel=\"noopener noreferrer\"><span>\u0130NCELE<\/span><\/a><\/div><\/div><div class=\"fusion-clearfix\"><\/div><\/div><\/div><\/div><\/div>\n","protected":false},"excerpt":{"rendered":"","protected":false},"author":1,"featured_media":0,"parent":1362,"menu_order":0,"comment_status":"closed","ping_status":"closed","template":"","meta":{"_acf_changed":false,"footnotes":""},"class_list":["post-1385","page","type-page","status-publish","hentry"],"acf":[],"_links":{"self":[{"href":"https:\/\/www.ertekchemicals.com\/tr\/wp-json\/wp\/v2\/pages\/1385","targetHints":{"allow":["GET"]}}],"collection":[{"href":"https:\/\/www.ertekchemicals.com\/tr\/wp-json\/wp\/v2\/pages"}],"about":[{"href":"https:\/\/www.ertekchemicals.com\/tr\/wp-json\/wp\/v2\/types\/page"}],"author":[{"embeddable":true,"href":"https:\/\/www.ertekchemicals.com\/tr\/wp-json\/wp\/v2\/users\/1"}],"replies":[{"embeddable":true,"href":"https:\/\/www.ertekchemicals.com\/tr\/wp-json\/wp\/v2\/comments?post=1385"}],"version-history":[{"count":0,"href":"https:\/\/www.ertekchemicals.com\/tr\/wp-json\/wp\/v2\/pages\/1385\/revisions"}],"up":[{"embeddable":true,"href":"https:\/\/www.ertekchemicals.com\/tr\/wp-json\/wp\/v2\/pages\/1362"}],"wp:attachment":[{"href":"https:\/\/www.ertekchemicals.com\/tr\/wp-json\/wp\/v2\/media?parent=1385"}],"curies":[{"name":"wp","href":"https:\/\/api.w.org\/{rel}","templated":true}]}}