{"id":6,"date":"2016-07-14T02:27:55","date_gmt":"2016-07-14T02:27:55","guid":{"rendered":"https:\/\/www.ertekchemicals.com\/?page_id=6"},"modified":"2018-03-08T16:31:59","modified_gmt":"2018-03-08T13:31:59","slug":"hakkimizda","status":"publish","type":"page","link":"https:\/\/www.ertekchemicals.com\/tr\/hakkimizda\/","title":{"rendered":"HAKKIMIZDA"},"content":{"rendered":"<p><div class=\"fusion-fullwidth fullwidth-box fusion-builder-row-1 nonhundred-percent-fullwidth non-hundred-percent-height-scrolling fusion-equal-height-columns\" style=\"--awb-background-position:left top;--awb-border-radius-top-left:0px;--awb-border-radius-top-right:0px;--awb-border-radius-bottom-right:0px;--awb-border-radius-bottom-left:0px;--awb-padding-top:100px;--awb-border-sizes-top:0px;--awb-border-sizes-bottom:0px;--awb-flex-wrap:wrap;\" ><div class=\"fusion-builder-row fusion-row\"><div class=\"fusion-layout-column fusion_builder_column fusion-builder-column-0 fusion_builder_column_1_2 1_2 fusion-one-half fusion-column-first\" style=\"--awb-bg-size:cover;width:48%; margin-right: 4%;\"><div class=\"fusion-column-wrapper fusion-flex-column-wrapper-legacy\"><div class=\"fusion-column-content-centered\"><div class=\"fusion-column-content\"><div class=\"fusion-text fusion-text-1\"><h2>Biz Kimiz<\/h2>\n<\/div><div class=\"fusion-sep-clear\"><\/div><div class=\"fusion-separator fusion-full-width-sep\" style=\"margin-left: auto;margin-right: auto;margin-top:5px;width:100%;\"><\/div><div class=\"fusion-sep-clear\"><\/div><div class=\"fusion-text fusion-text-2\"><p><span style=\"font-weight: 400;\">1999 y\u0131l\u0131nda Dudullu Organize Sanayi B\u00f6lgesi\u2019nde Denizcilik ve Sanayi sekt\u00f6r\u00fcnde kimyasal \u00fcretimine ba\u015flam\u0131\u015f olan Ertek Kimya 2000 m\u00b2<\/span><span style=\"font-weight: 400;\">\u2019lik kapal\u0131 alan\u0131nda \u00fcretim ve sat\u0131\u015f organizasyonunu y\u00fcr\u00fctmektedir. <\/span><\/p>\n<p><span style=\"font-weight: 400;\">Gen\u00e7, dinamik ve donan\u0131ml\u0131 kadrosuyla sekt\u00f6r\u00fcnde lider olan firmam\u0131z, her ge\u00e7en y\u0131l daha da b\u00fcy\u00fcyerek tan\u0131n\u0131r ve g\u00fcvenilir bir noktaya ula\u015fm\u0131\u015ft\u0131r. Ertek Kimya, her y\u0131l daha fazla uluslararas\u0131 liman ve hizmet noktas\u0131na ula\u015fmay\u0131 hedefleyerek t\u00fcm d\u00fcnyada hizmet verebilme politikas\u0131n\u0131 benimsemi\u015ftir. <\/span><\/p>\n<\/div><\/div><\/div><div class=\"fusion-clearfix\"><\/div><\/div><\/div><div class=\"fusion-layout-column fusion_builder_column fusion-builder-column-1 fusion_builder_column_1_2 1_2 fusion-one-half fusion-column-last\" style=\"--awb-bg-size:cover;width:48%;\"><div class=\"fusion-column-wrapper fusion-flex-column-wrapper-legacy\"><div class=\"fusion-column-content-centered\"><div class=\"fusion-column-content\"><div class=\"fusion-image-element fusion-image-align-center in-legacy-container\" style=\"text-align:center;--awb-caption-title-font-family:var(--h2_typography-font-family);--awb-caption-title-font-weight:var(--h2_typography-font-weight);--awb-caption-title-font-style:var(--h2_typography-font-style);--awb-caption-title-size:var(--h2_typography-font-size);--awb-caption-title-transform:var(--h2_typography-text-transform);--awb-caption-title-line-height:var(--h2_typography-line-height);--awb-caption-title-letter-spacing:var(--h2_typography-letter-spacing);\"><div class=\"imageframe-align-center\"><span class=\" fusion-imageframe imageframe-none imageframe-1 hover-type-none fusion-animated\" data-animationType=\"fadeInLeft\" data-animationDuration=\"1.0\" data-animationOffset=\"top-into-view\"><img decoding=\"async\" width=\"400\" height=\"400\" title=\"img_hakkimizda_1\" src=\"https:\/\/www.ertekchemicals.com\/wp-content\/uploads\/2016\/07\/img_hakkimizda_1.png\" alt class=\"img-responsive wp-image-1039\" srcset=\"https:\/\/www.ertekchemicals.com\/wp-content\/uploads\/2016\/07\/img_hakkimizda_1-200x200.png 200w, https:\/\/www.ertekchemicals.com\/wp-content\/uploads\/2016\/07\/img_hakkimizda_1.png 400w\" sizes=\"(max-width: 800px) 100vw, 400px\" \/><\/span><\/div><\/div><\/div><\/div><div class=\"fusion-clearfix\"><\/div><\/div><\/div><\/div><\/div><div class=\"fusion-fullwidth fullwidth-box fusion-builder-row-2 nonhundred-percent-fullwidth non-hundred-percent-height-scrolling fusion-equal-height-columns\" style=\"--awb-background-position:left top;--awb-border-radius-top-left:0px;--awb-border-radius-top-right:0px;--awb-border-radius-bottom-right:0px;--awb-border-radius-bottom-left:0px;--awb-padding-bottom:100px;--awb-border-sizes-top:0px;--awb-border-sizes-bottom:0px;--awb-flex-wrap:wrap;\" ><div class=\"fusion-builder-row fusion-row\"><div class=\"fusion-layout-column fusion_builder_column fusion-builder-column-2 fusion_builder_column_1_2 1_2 fusion-one-half fusion-column-first\" style=\"--awb-bg-size:cover;width:48%; margin-right: 4%;\"><div class=\"fusion-column-wrapper fusion-flex-column-wrapper-legacy\"><div class=\"fusion-column-content-centered\"><div class=\"fusion-column-content\"><div class=\"fusion-image-element fusion-image-align-center in-legacy-container\" style=\"text-align:center;--awb-caption-title-font-family:var(--h2_typography-font-family);--awb-caption-title-font-weight:var(--h2_typography-font-weight);--awb-caption-title-font-style:var(--h2_typography-font-style);--awb-caption-title-size:var(--h2_typography-font-size);--awb-caption-title-transform:var(--h2_typography-text-transform);--awb-caption-title-line-height:var(--h2_typography-line-height);--awb-caption-title-letter-spacing:var(--h2_typography-letter-spacing);\"><div class=\"imageframe-align-center\"><span class=\" fusion-imageframe imageframe-none imageframe-2 hover-type-none fusion-animated\" data-animationType=\"fadeInRight\" data-animationDuration=\"1.0\" data-animationOffset=\"top-into-view\"><img decoding=\"async\" width=\"400\" height=\"400\" title=\"img_misyon\" src=\"https:\/\/www.ertekchemicals.com\/wp-content\/uploads\/2016\/07\/img_misyon.png\" alt class=\"img-responsive wp-image-1041\" srcset=\"https:\/\/www.ertekchemicals.com\/wp-content\/uploads\/2016\/07\/img_misyon-200x200.png 200w, https:\/\/www.ertekchemicals.com\/wp-content\/uploads\/2016\/07\/img_misyon.png 400w\" sizes=\"(max-width: 800px) 100vw, 400px\" \/><\/span><\/div><\/div><\/div><\/div><div class=\"fusion-clearfix\"><\/div><\/div><\/div><div class=\"fusion-layout-column fusion_builder_column fusion-builder-column-3 fusion_builder_column_1_2 1_2 fusion-one-half fusion-column-last\" style=\"--awb-bg-size:cover;width:48%;\"><div class=\"fusion-column-wrapper fusion-flex-column-wrapper-legacy\"><div class=\"fusion-column-content-centered\"><div class=\"fusion-column-content\"><div class=\"fusion-text fusion-text-3\"><h2>Vizyon<\/h2>\n<\/div><div class=\"fusion-sep-clear\"><\/div><div class=\"fusion-separator fusion-full-width-sep\" style=\"margin-left: auto;margin-right: auto;margin-top:5px;width:100%;\"><\/div><div class=\"fusion-sep-clear\"><\/div><div class=\"fusion-text fusion-text-4\"><p><span style=\"font-weight: 400;\">Uluslararas\u0131 pazarda etkinli\u011fimizi ve verimlili\u011fimizi artt\u0131rarak uzmanl\u0131k alanlar\u0131m\u0131zda kendi y\u00f6ntemlerimizi ve tecr\u00fcbelerimizi s\u00fcrekli geli\u015ftirmek, sekt\u00f6rde hem kalite hem \u00e7evre duyarl\u0131l\u0131\u011f\u0131n\u0131 benimsemi\u015f, g\u00fcvenilir ve sayg\u0131n bir kurulu\u015f olmak.<\/span><\/p>\n<\/div><div class=\"fusion-text fusion-text-5\"><h2>Misyon<\/h2>\n<\/div><div class=\"fusion-sep-clear\"><\/div><div class=\"fusion-separator fusion-full-width-sep\" style=\"margin-left: auto;margin-right: auto;margin-top:5px;width:100%;\"><\/div><div class=\"fusion-sep-clear\"><\/div><div class=\"fusion-text fusion-text-6\"><p>\u00dcr\u00fcn, hizmet kalitesi ve pazar pay\u0131n\u0131 s\u00fcrekli geli\u015ftirerek m\u00fc\u015fteri talep ve beklentilerini en \u00fcst seviyede kar\u015f\u0131lamak.<\/p>\n<p>Etkin bir ileti\u015fim ile partnerlerimiz aras\u0131nda daha g\u00fcvenilir,  kuvvetli bir ba\u011f kurmak ve m\u00fc\u015fteri sadakatini kazanmak.<\/p>\n<p>Yurtd\u0131\u015f\u0131 pazar pay\u0131n\u0131 b\u00fcy\u00fcterek daha \u00e7ok tercih edilen bir marka olmak.<\/p>\n<p>Yenilik\u00e7i, \u00e7evreci ve iyi performans sa\u011flayan \u00fcr\u00fcnleri s\u00fcrekli takip edip m\u00fc\u015fteri memnuniyetine sunmak.<\/p>\n<\/div><\/div><\/div><div class=\"fusion-clearfix\"><\/div><\/div><\/div><\/div><\/div><\/p>\n","protected":false},"excerpt":{"rendered":"","protected":false},"author":1,"featured_media":0,"parent":0,"menu_order":0,"comment_status":"closed","ping_status":"closed","template":"100-width.php","meta":{"_acf_changed":false,"footnotes":""},"class_list":["post-6","page","type-page","status-publish","hentry"],"acf":[],"_links":{"self":[{"href":"https:\/\/www.ertekchemicals.com\/tr\/wp-json\/wp\/v2\/pages\/6","targetHints":{"allow":["GET"]}}],"collection":[{"href":"https:\/\/www.ertekchemicals.com\/tr\/wp-json\/wp\/v2\/pages"}],"about":[{"href":"https:\/\/www.ertekchemicals.com\/tr\/wp-json\/wp\/v2\/types\/page"}],"author":[{"embeddable":true,"href":"https:\/\/www.ertekchemicals.com\/tr\/wp-json\/wp\/v2\/users\/1"}],"replies":[{"embeddable":true,"href":"https:\/\/www.ertekchemicals.com\/tr\/wp-json\/wp\/v2\/comments?post=6"}],"version-history":[{"count":0,"href":"https:\/\/www.ertekchemicals.com\/tr\/wp-json\/wp\/v2\/pages\/6\/revisions"}],"wp:attachment":[{"href":"https:\/\/www.ertekchemicals.com\/tr\/wp-json\/wp\/v2\/media?parent=6"}],"curies":[{"name":"wp","href":"https:\/\/api.w.org\/{rel}","templated":true}]}}